{"id":5238,"date":"2022-11-25T14:12:05","date_gmt":"2022-11-25T13:12:05","guid":{"rendered":"https:\/\/pasamed.com\/?page_id=5238"},"modified":"2026-05-13T18:55:57","modified_gmt":"2026-05-13T16:55:57","slug":"rehabilitation","status":"publish","type":"page","link":"https:\/\/pasamed.com\/en\/rehabilitation\/","title":{"rendered":"Rehabilitation"},"content":{"rendered":"<div class=\"wpb-content-wrapper\"><p>[vc_row top_margin=&#8221;page-margin-top-section&#8221;][vc_column]<ul class=\"services-list clearfix services-spacing\"><li class=\"vc_row wpb_row vc_row-fluid\"><ul><li><a href=\"https:\/\/pasamed.com\/szolgaltatasok\/fizikoterapia\/\" title=\"Fizikoter\u00e1pia\"><img loading=\"lazy\" decoding=\"async\" width=\"480\" height=\"320\" src=\"https:\/\/pasamed.com\/wp-content\/uploads\/2022\/11\/DSC09315-HDR_1-480x320.jpg\" class=\"attachment-medium-thumb size-medium-thumb wp-post-image\" alt=\"Fizikoter\u00e1pia\" title=\"\" srcset=\"https:\/\/pasamed.com\/wp-content\/uploads\/2022\/11\/DSC09315-HDR_1-480x320.jpg 480w, https:\/\/pasamed.com\/wp-content\/uploads\/2022\/11\/DSC09315-HDR_1-300x200.jpg 300w, https:\/\/pasamed.com\/wp-content\/uploads\/2022\/11\/DSC09315-HDR_1-768x512.jpg 768w, https:\/\/pasamed.com\/wp-content\/uploads\/2022\/11\/DSC09315-HDR_1-670x446.jpg 670w, https:\/\/pasamed.com\/wp-content\/uploads\/2022\/11\/DSC09315-HDR_1-600x400.jpg 600w, https:\/\/pasamed.com\/wp-content\/uploads\/2022\/11\/DSC09315-HDR_1-390x260.jpg 390w, https:\/\/pasamed.com\/wp-content\/uploads\/2022\/11\/DSC09315-HDR_1-285x190.jpg 285w, https:\/\/pasamed.com\/wp-content\/uploads\/2022\/11\/DSC09315-HDR_1.jpg 800w\" sizes=\"auto, (max-width: 480px) 100vw, 480px\" \/><\/a><div class=\"service-details\"><h4><a href=\"https:\/\/pasamed.com\/szolgaltatasok\/fizikoterapia\/\" title=\"Fizikoter\u00e1pia\">Fizikoter\u00e1pia<\/a><\/h4><\/div><\/li><li><a href=\"https:\/\/pasamed.com\/szolgaltatasok\/gyogytorna\/\" title=\"Gy\u00f3gytorna\"><img loading=\"lazy\" decoding=\"async\" width=\"413\" height=\"310\" src=\"https:\/\/pasamed.com\/wp-content\/uploads\/2022\/11\/fizioterapia.jpg\" class=\"attachment-medium-thumb size-medium-thumb wp-post-image\" alt=\"Gy\u00f3gytorna\" title=\"\" srcset=\"https:\/\/pasamed.com\/wp-content\/uploads\/2022\/11\/fizioterapia.jpg 413w, https:\/\/pasamed.com\/wp-content\/uploads\/2022\/11\/fizioterapia-300x225.jpg 300w\" sizes=\"auto, (max-width: 413px) 100vw, 413px\" \/><\/a><div class=\"service-details\"><h4><a href=\"https:\/\/pasamed.com\/szolgaltatasok\/gyogytorna\/\" title=\"Gy\u00f3gytorna\">Gy\u00f3gytorna<\/a><\/h4><\/div><\/li><li><a href=\"https:\/\/pasamed.com\/szolgaltatasok\/lokeshullam-terapia\/\" title=\"L\u00f6k\u00e9shull\u00e1m-ter\u00e1pia\"><img loading=\"lazy\" decoding=\"async\" width=\"480\" height=\"320\" src=\"https:\/\/pasamed.com\/wp-content\/uploads\/2022\/11\/lokeshullam-gep-uj_1-480x320.jpg\" class=\"attachment-medium-thumb size-medium-thumb wp-post-image\" alt=\"L\u00f6k\u00e9shull\u00e1m-ter\u00e1pia\" title=\"\" srcset=\"https:\/\/pasamed.com\/wp-content\/uploads\/2022\/11\/lokeshullam-gep-uj_1-480x320.jpg 480w, https:\/\/pasamed.com\/wp-content\/uploads\/2022\/11\/lokeshullam-gep-uj_1-300x200.jpg 300w, https:\/\/pasamed.com\/wp-content\/uploads\/2022\/11\/lokeshullam-gep-uj_1-768x512.jpg 768w, https:\/\/pasamed.com\/wp-content\/uploads\/2022\/11\/lokeshullam-gep-uj_1-670x446.jpg 670w, https:\/\/pasamed.com\/wp-content\/uploads\/2022\/11\/lokeshullam-gep-uj_1-600x400.jpg 600w, https:\/\/pasamed.com\/wp-content\/uploads\/2022\/11\/lokeshullam-gep-uj_1-390x260.jpg 390w, https:\/\/pasamed.com\/wp-content\/uploads\/2022\/11\/lokeshullam-gep-uj_1-285x190.jpg 285w, https:\/\/pasamed.com\/wp-content\/uploads\/2022\/11\/lokeshullam-gep-uj_1.jpg 800w\" sizes=\"auto, (max-width: 480px) 100vw, 480px\" \/><\/a><div class=\"service-details\"><h4><a href=\"https:\/\/pasamed.com\/szolgaltatasok\/lokeshullam-terapia\/\" title=\"L\u00f6k\u00e9shull\u00e1m-ter\u00e1pia\">L\u00f6k\u00e9shull\u00e1m-ter\u00e1pia<\/a><\/h4><\/div><\/li><\/ul><\/li><li class=\"vc_row wpb_row vc_row-fluid\"><ul><li><a href=\"https:\/\/pasamed.com\/szolgaltatasok\/corehab-felmeres\/\" title=\"BIA (Back In Action)\"><\/a><div class=\"service-details\"><h4><a href=\"https:\/\/pasamed.com\/szolgaltatasok\/corehab-felmeres\/\" title=\"BIA (Back In Action)\">BIA (Back In Action)<\/a><\/h4><\/div><\/li><li><a href=\"https:\/\/pasamed.com\/szolgaltatasok\/keiser-rehabilitacios-training\/\" title=\"Keiser &lt;sup&gt;&reg;&lt;\/sup&gt; rehabilit\u00e1ci\u00f3s edz\u00e9s\"><img loading=\"lazy\" decoding=\"async\" width=\"480\" height=\"320\" src=\"https:\/\/pasamed.com\/wp-content\/uploads\/2023\/08\/keiser-fokep-480x320.jpg\" class=\"attachment-medium-thumb size-medium-thumb wp-post-image\" alt=\"Keiser &lt;sup&gt;&reg;&lt;\/sup&gt; rehabilit\u00e1ci\u00f3s edz\u00e9s\" title=\"\" srcset=\"https:\/\/pasamed.com\/wp-content\/uploads\/2023\/08\/keiser-fokep-480x320.jpg 480w, https:\/\/pasamed.com\/wp-content\/uploads\/2023\/08\/keiser-fokep-300x200.jpg 300w, https:\/\/pasamed.com\/wp-content\/uploads\/2023\/08\/keiser-fokep-390x260.jpg 390w, https:\/\/pasamed.com\/wp-content\/uploads\/2023\/08\/keiser-fokep-285x190.jpg 285w, https:\/\/pasamed.com\/wp-content\/uploads\/2023\/08\/keiser-fokep.jpg 600w\" sizes=\"auto, (max-width: 480px) 100vw, 480px\" \/><\/a><div class=\"service-details\"><h4><a href=\"https:\/\/pasamed.com\/szolgaltatasok\/keiser-rehabilitacios-training\/\" title=\"Keiser &lt;sup&gt;&reg;&lt;\/sup&gt; rehabilit\u00e1ci\u00f3s edz\u00e9s\">Keiser <sup>&reg;<\/sup> rehabilit\u00e1ci\u00f3s edz\u00e9s<\/a><\/h4><\/div><\/li><li><a href=\"https:\/\/pasamed.com\/szolgaltatasok\/acure-8000-kezeles\/\" title=\"Acure 8000 kezel\u00e9s\"><img loading=\"lazy\" decoding=\"async\" width=\"401\" height=\"221\" src=\"https:\/\/pasamed.com\/wp-content\/uploads\/2024\/01\/gymna-acure-250-treatment.png\" class=\"attachment-medium-thumb size-medium-thumb wp-post-image\" alt=\"Acure 8000 kezel\u00e9s\" title=\"\" srcset=\"https:\/\/pasamed.com\/wp-content\/uploads\/2024\/01\/gymna-acure-250-treatment.png 401w, https:\/\/pasamed.com\/wp-content\/uploads\/2024\/01\/gymna-acure-250-treatment-300x165.png 300w\" sizes=\"auto, (max-width: 401px) 100vw, 401px\" \/><\/a><div class=\"service-details\"><h4><a href=\"https:\/\/pasamed.com\/szolgaltatasok\/acure-8000-kezeles\/\" title=\"Acure 8000 kezel\u00e9s\">Acure 8000 kezel\u00e9s<\/a><\/h4><\/div><\/li><\/ul><\/li><li class=\"vc_row wpb_row vc_row-fluid\"><ul><li><a href=\"https:\/\/pasamed.com\/szolgaltatasok\/borlai-modszer-pre-rehabilitacios-mentorprogram\/\" title=\"Borlai m\u00f3dszer (Pre-rehabilit\u00e1ci\u00f3s mentorprogram)\"><\/a><div class=\"service-details\"><h4><a href=\"https:\/\/pasamed.com\/szolgaltatasok\/borlai-modszer-pre-rehabilitacios-mentorprogram\/\" title=\"Borlai m\u00f3dszer (Pre-rehabilit\u00e1ci\u00f3s mentorprogram)\">Borlai m\u00f3dszer (Pre-rehabilit\u00e1ci\u00f3s mentorprogram)<\/a><\/h4><\/div><\/li><li><a href=\"https:\/\/pasamed.com\/szolgaltatasok\/prp-sajat-verplazma-kezeles\/\" title=\"PRP (saj\u00e1t v\u00e9rplazma) kezel\u00e9s\"><img loading=\"lazy\" decoding=\"async\" width=\"480\" height=\"320\" src=\"https:\/\/pasamed.com\/wp-content\/uploads\/2026\/01\/verplazmas-kezeles-480x320.webp\" class=\"attachment-medium-thumb size-medium-thumb wp-post-image\" alt=\"PRP (saj\u00e1t v\u00e9rplazma) kezel\u00e9s\" title=\"\" srcset=\"https:\/\/pasamed.com\/wp-content\/uploads\/2026\/01\/verplazmas-kezeles-480x320.webp 480w, https:\/\/pasamed.com\/wp-content\/uploads\/2026\/01\/verplazmas-kezeles-300x200.webp 300w, https:\/\/pasamed.com\/wp-content\/uploads\/2026\/01\/verplazmas-kezeles-1024x683.webp 1024w, https:\/\/pasamed.com\/wp-content\/uploads\/2026\/01\/verplazmas-kezeles-768x512.webp 768w, https:\/\/pasamed.com\/wp-content\/uploads\/2026\/01\/verplazmas-kezeles-670x446.webp 670w, https:\/\/pasamed.com\/wp-content\/uploads\/2026\/01\/verplazmas-kezeles-600x400.webp 600w, https:\/\/pasamed.com\/wp-content\/uploads\/2026\/01\/verplazmas-kezeles-390x260.webp 390w, https:\/\/pasamed.com\/wp-content\/uploads\/2026\/01\/verplazmas-kezeles-285x190.webp 285w, https:\/\/pasamed.com\/wp-content\/uploads\/2026\/01\/verplazmas-kezeles.webp 1200w\" sizes=\"auto, (max-width: 480px) 100vw, 480px\" \/><\/a><div class=\"service-details\"><h4><a href=\"https:\/\/pasamed.com\/szolgaltatasok\/prp-sajat-verplazma-kezeles\/\" title=\"PRP (saj\u00e1t v\u00e9rplazma) kezel\u00e9s\">PRP (saj\u00e1t v\u00e9rplazma) kezel\u00e9s<\/a><\/h4><\/div><\/li><\/ul><\/li><\/ul>[\/vc_column][\/vc_row]<\/p>\n<\/div>","protected":false},"excerpt":{"rendered":"<p>[vc_row top_margin=&#8221;page-margin-top-section&#8221;][vc_column][\/vc_column][\/vc_row]<\/p>\n","protected":false},"author":2,"featured_media":0,"parent":0,"menu_order":0,"comment_status":"closed","ping_status":"closed","template":"","meta":{"footnotes":""},"class_list":["post-5238","page","type-page","status-publish","hentry"],"yoast_head":"<!-- This site is optimized with the Yoast SEO plugin v27.6 - https:\/\/yoast.com\/product\/yoast-seo-wordpress\/ -->\n<title>Rehabilitation - PASAMED<\/title>\n<meta name=\"robots\" content=\"index, follow, max-snippet:-1, max-image-preview:large, max-video-preview:-1\" \/>\n<link rel=\"canonical\" href=\"https:\/\/pasamed.com\/en\/rehabilitation\/\" \/>\n<meta property=\"og:locale\" content=\"en_US\" \/>\n<meta property=\"og:type\" content=\"article\" \/>\n<meta property=\"og:title\" content=\"Rehabilitation - PASAMED\" \/>\n<meta property=\"og:description\" content=\"[vc_row top_margin=&#8221;page-margin-top-section&#8221;][vc_column][\/vc_column][\/vc_row]\" \/>\n<meta property=\"og:url\" content=\"https:\/\/pasamed.com\/en\/rehabilitation\/\" \/>\n<meta property=\"og:site_name\" content=\"PASAMED\" \/>\n<meta property=\"article:modified_time\" content=\"2026-05-13T16:55:57+00:00\" \/>\n<meta name=\"twitter:card\" content=\"summary_large_image\" \/>\n<meta name=\"twitter:label1\" content=\"Est. reading time\" \/>\n\t<meta name=\"twitter:data1\" content=\"1 minute\" \/>\n<script type=\"application\/ld+json\" class=\"yoast-schema-graph\">{\"@context\":\"https:\\\/\\\/schema.org\",\"@graph\":[{\"@type\":\"WebPage\",\"@id\":\"https:\\\/\\\/pasamed.com\\\/en\\\/rehabilitation\\\/\",\"url\":\"https:\\\/\\\/pasamed.com\\\/en\\\/rehabilitation\\\/\",\"name\":\"Rehabilitation - PASAMED\",\"isPartOf\":{\"@id\":\"https:\\\/\\\/pasamed.com\\\/en\\\/#website\"},\"datePublished\":\"2022-11-25T13:12:05+00:00\",\"dateModified\":\"2026-05-13T16:55:57+00:00\",\"breadcrumb\":{\"@id\":\"https:\\\/\\\/pasamed.com\\\/en\\\/rehabilitation\\\/#breadcrumb\"},\"inLanguage\":\"en-US\",\"potentialAction\":[{\"@type\":\"ReadAction\",\"target\":[\"https:\\\/\\\/pasamed.com\\\/en\\\/rehabilitation\\\/\"]}]},{\"@type\":\"BreadcrumbList\",\"@id\":\"https:\\\/\\\/pasamed.com\\\/en\\\/rehabilitation\\\/#breadcrumb\",\"itemListElement\":[{\"@type\":\"ListItem\",\"position\":1,\"name\":\"Kezd\u0151lap\",\"item\":\"https:\\\/\\\/pasamed.com\\\/en\\\/\"},{\"@type\":\"ListItem\",\"position\":2,\"name\":\"Rehabilitation\"}]},{\"@type\":\"WebSite\",\"@id\":\"https:\\\/\\\/pasamed.com\\\/en\\\/#website\",\"url\":\"https:\\\/\\\/pasamed.com\\\/en\\\/\",\"name\":\"PASAMED\",\"description\":\"Pasar\u00e9ti Sporteg\u00e9szs\u00e9g\u00fcgyi Centrum\",\"potentialAction\":[{\"@type\":\"SearchAction\",\"target\":{\"@type\":\"EntryPoint\",\"urlTemplate\":\"https:\\\/\\\/pasamed.com\\\/en\\\/?s={search_term_string}\"},\"query-input\":{\"@type\":\"PropertyValueSpecification\",\"valueRequired\":true,\"valueName\":\"search_term_string\"}}],\"inLanguage\":\"en-US\"}]}<\/script>\n<!-- \/ Yoast SEO plugin. -->","yoast_head_json":{"title":"Rehabilitation - PASAMED","robots":{"index":"index","follow":"follow","max-snippet":"max-snippet:-1","max-image-preview":"max-image-preview:large","max-video-preview":"max-video-preview:-1"},"canonical":"https:\/\/pasamed.com\/en\/rehabilitation\/","og_locale":"en_US","og_type":"article","og_title":"Rehabilitation - PASAMED","og_description":"[vc_row top_margin=&#8221;page-margin-top-section&#8221;][vc_column][\/vc_column][\/vc_row]","og_url":"https:\/\/pasamed.com\/en\/rehabilitation\/","og_site_name":"PASAMED","article_modified_time":"2026-05-13T16:55:57+00:00","twitter_card":"summary_large_image","twitter_misc":{"Est. reading time":"1 minute"},"schema":{"@context":"https:\/\/schema.org","@graph":[{"@type":"WebPage","@id":"https:\/\/pasamed.com\/en\/rehabilitation\/","url":"https:\/\/pasamed.com\/en\/rehabilitation\/","name":"Rehabilitation - PASAMED","isPartOf":{"@id":"https:\/\/pasamed.com\/en\/#website"},"datePublished":"2022-11-25T13:12:05+00:00","dateModified":"2026-05-13T16:55:57+00:00","breadcrumb":{"@id":"https:\/\/pasamed.com\/en\/rehabilitation\/#breadcrumb"},"inLanguage":"en-US","potentialAction":[{"@type":"ReadAction","target":["https:\/\/pasamed.com\/en\/rehabilitation\/"]}]},{"@type":"BreadcrumbList","@id":"https:\/\/pasamed.com\/en\/rehabilitation\/#breadcrumb","itemListElement":[{"@type":"ListItem","position":1,"name":"Kezd\u0151lap","item":"https:\/\/pasamed.com\/en\/"},{"@type":"ListItem","position":2,"name":"Rehabilitation"}]},{"@type":"WebSite","@id":"https:\/\/pasamed.com\/en\/#website","url":"https:\/\/pasamed.com\/en\/","name":"PASAMED","description":"Pasar\u00e9ti Sporteg\u00e9szs\u00e9g\u00fcgyi Centrum","potentialAction":[{"@type":"SearchAction","target":{"@type":"EntryPoint","urlTemplate":"https:\/\/pasamed.com\/en\/?s={search_term_string}"},"query-input":{"@type":"PropertyValueSpecification","valueRequired":true,"valueName":"search_term_string"}}],"inLanguage":"en-US"}]}},"_links":{"self":[{"href":"https:\/\/pasamed.com\/en\/wp-json\/wp\/v2\/pages\/5238","targetHints":{"allow":["GET"]}}],"collection":[{"href":"https:\/\/pasamed.com\/en\/wp-json\/wp\/v2\/pages"}],"about":[{"href":"https:\/\/pasamed.com\/en\/wp-json\/wp\/v2\/types\/page"}],"author":[{"embeddable":true,"href":"https:\/\/pasamed.com\/en\/wp-json\/wp\/v2\/users\/2"}],"replies":[{"embeddable":true,"href":"https:\/\/pasamed.com\/en\/wp-json\/wp\/v2\/comments?post=5238"}],"version-history":[{"count":1,"href":"https:\/\/pasamed.com\/en\/wp-json\/wp\/v2\/pages\/5238\/revisions"}],"predecessor-version":[{"id":5239,"href":"https:\/\/pasamed.com\/en\/wp-json\/wp\/v2\/pages\/5238\/revisions\/5239"}],"wp:attachment":[{"href":"https:\/\/pasamed.com\/en\/wp-json\/wp\/v2\/media?parent=5238"}],"curies":[{"name":"wp","href":"https:\/\/api.w.org\/{rel}","templated":true}]}}