{"id":5231,"date":"2022-11-25T12:58:15","date_gmt":"2022-11-25T11:58:15","guid":{"rendered":"https:\/\/pasamed.com\/?page_id=5231"},"modified":"2026-05-13T18:52:01","modified_gmt":"2026-05-13T16:52:01","slug":"diagnostics","status":"publish","type":"page","link":"https:\/\/pasamed.com\/en\/diagnostics\/","title":{"rendered":"Diagnostics"},"content":{"rendered":"<div class=\"wpb-content-wrapper\"><p>[vc_row top_margin=&#8221;page-margin-top-section&#8221;][vc_column]<ul class=\"services-list clearfix services-spacing\"><li class=\"vc_row wpb_row vc_row-fluid\"><ul><li><a href=\"https:\/\/pasamed.com\/szolgaltatasok\/rontgen-diagnosztika\/\" title=\"R\u00f6ntgen diagnosztika\"><img loading=\"lazy\" decoding=\"async\" width=\"480\" height=\"320\" src=\"https:\/\/pasamed.com\/wp-content\/uploads\/2022\/11\/DSC09345-HDR_1-480x320.jpg\" class=\"attachment-medium-thumb size-medium-thumb wp-post-image\" alt=\"R\u00f6ntgen diagnosztika\" title=\"\" srcset=\"https:\/\/pasamed.com\/wp-content\/uploads\/2022\/11\/DSC09345-HDR_1-480x320.jpg 480w, https:\/\/pasamed.com\/wp-content\/uploads\/2022\/11\/DSC09345-HDR_1-300x200.jpg 300w, https:\/\/pasamed.com\/wp-content\/uploads\/2022\/11\/DSC09345-HDR_1-768x512.jpg 768w, https:\/\/pasamed.com\/wp-content\/uploads\/2022\/11\/DSC09345-HDR_1-670x446.jpg 670w, https:\/\/pasamed.com\/wp-content\/uploads\/2022\/11\/DSC09345-HDR_1-600x400.jpg 600w, https:\/\/pasamed.com\/wp-content\/uploads\/2022\/11\/DSC09345-HDR_1-390x260.jpg 390w, https:\/\/pasamed.com\/wp-content\/uploads\/2022\/11\/DSC09345-HDR_1-285x190.jpg 285w, https:\/\/pasamed.com\/wp-content\/uploads\/2022\/11\/DSC09345-HDR_1.jpg 799w\" sizes=\"auto, (max-width: 480px) 100vw, 480px\" \/><\/a><div class=\"service-details\"><h4><a href=\"https:\/\/pasamed.com\/szolgaltatasok\/rontgen-diagnosztika\/\" title=\"R\u00f6ntgen diagnosztika\">R\u00f6ntgen diagnosztika<\/a><\/h4><\/div><\/li><li><a href=\"https:\/\/pasamed.com\/szolgaltatasok\/ultrahang-diagnosztika\/\" title=\"Ultrahang diagnosztika\"><\/a><div class=\"service-details\"><h4><a href=\"https:\/\/pasamed.com\/szolgaltatasok\/ultrahang-diagnosztika\/\" title=\"Ultrahang diagnosztika\">Ultrahang diagnosztika<\/a><\/h4><\/div><\/li><\/ul><\/li><\/ul>[\/vc_column][\/vc_row]<\/p>\n<\/div>","protected":false},"excerpt":{"rendered":"<p>[vc_row top_margin=&#8221;page-margin-top-section&#8221;][vc_column][\/vc_column][\/vc_row]<\/p>\n","protected":false},"author":2,"featured_media":0,"parent":0,"menu_order":0,"comment_status":"closed","ping_status":"closed","template":"","meta":{"footnotes":""},"class_list":["post-5231","page","type-page","status-publish","hentry"],"yoast_head":"<!-- This site is optimized with the Yoast SEO plugin v27.6 - https:\/\/yoast.com\/product\/yoast-seo-wordpress\/ -->\n<title>Diagnostics - PASAMED<\/title>\n<meta name=\"robots\" content=\"index, follow, max-snippet:-1, max-image-preview:large, max-video-preview:-1\" \/>\n<link rel=\"canonical\" href=\"https:\/\/pasamed.com\/en\/diagnostics\/\" \/>\n<meta property=\"og:locale\" content=\"en_US\" \/>\n<meta property=\"og:type\" content=\"article\" \/>\n<meta property=\"og:title\" content=\"Diagnostics - PASAMED\" \/>\n<meta property=\"og:description\" content=\"[vc_row top_margin=&#8221;page-margin-top-section&#8221;][vc_column][\/vc_column][\/vc_row]\" \/>\n<meta property=\"og:url\" content=\"https:\/\/pasamed.com\/en\/diagnostics\/\" \/>\n<meta property=\"og:site_name\" content=\"PASAMED\" \/>\n<meta property=\"article:modified_time\" content=\"2026-05-13T16:52:01+00:00\" \/>\n<meta name=\"twitter:card\" content=\"summary_large_image\" \/>\n<meta name=\"twitter:label1\" content=\"Est. reading time\" \/>\n\t<meta name=\"twitter:data1\" content=\"1 minute\" \/>\n<script type=\"application\/ld+json\" class=\"yoast-schema-graph\">{\"@context\":\"https:\\\/\\\/schema.org\",\"@graph\":[{\"@type\":\"WebPage\",\"@id\":\"https:\\\/\\\/pasamed.com\\\/en\\\/diagnostics\\\/\",\"url\":\"https:\\\/\\\/pasamed.com\\\/en\\\/diagnostics\\\/\",\"name\":\"Diagnostics - PASAMED\",\"isPartOf\":{\"@id\":\"https:\\\/\\\/pasamed.com\\\/en\\\/#website\"},\"datePublished\":\"2022-11-25T11:58:15+00:00\",\"dateModified\":\"2026-05-13T16:52:01+00:00\",\"breadcrumb\":{\"@id\":\"https:\\\/\\\/pasamed.com\\\/en\\\/diagnostics\\\/#breadcrumb\"},\"inLanguage\":\"en-US\",\"potentialAction\":[{\"@type\":\"ReadAction\",\"target\":[\"https:\\\/\\\/pasamed.com\\\/en\\\/diagnostics\\\/\"]}]},{\"@type\":\"BreadcrumbList\",\"@id\":\"https:\\\/\\\/pasamed.com\\\/en\\\/diagnostics\\\/#breadcrumb\",\"itemListElement\":[{\"@type\":\"ListItem\",\"position\":1,\"name\":\"Kezd\u0151lap\",\"item\":\"https:\\\/\\\/pasamed.com\\\/en\\\/\"},{\"@type\":\"ListItem\",\"position\":2,\"name\":\"Diagnostics\"}]},{\"@type\":\"WebSite\",\"@id\":\"https:\\\/\\\/pasamed.com\\\/en\\\/#website\",\"url\":\"https:\\\/\\\/pasamed.com\\\/en\\\/\",\"name\":\"PASAMED\",\"description\":\"Pasar\u00e9ti Sporteg\u00e9szs\u00e9g\u00fcgyi Centrum\",\"potentialAction\":[{\"@type\":\"SearchAction\",\"target\":{\"@type\":\"EntryPoint\",\"urlTemplate\":\"https:\\\/\\\/pasamed.com\\\/en\\\/?s={search_term_string}\"},\"query-input\":{\"@type\":\"PropertyValueSpecification\",\"valueRequired\":true,\"valueName\":\"search_term_string\"}}],\"inLanguage\":\"en-US\"}]}<\/script>\n<!-- \/ Yoast SEO plugin. -->","yoast_head_json":{"title":"Diagnostics - PASAMED","robots":{"index":"index","follow":"follow","max-snippet":"max-snippet:-1","max-image-preview":"max-image-preview:large","max-video-preview":"max-video-preview:-1"},"canonical":"https:\/\/pasamed.com\/en\/diagnostics\/","og_locale":"en_US","og_type":"article","og_title":"Diagnostics - PASAMED","og_description":"[vc_row top_margin=&#8221;page-margin-top-section&#8221;][vc_column][\/vc_column][\/vc_row]","og_url":"https:\/\/pasamed.com\/en\/diagnostics\/","og_site_name":"PASAMED","article_modified_time":"2026-05-13T16:52:01+00:00","twitter_card":"summary_large_image","twitter_misc":{"Est. reading time":"1 minute"},"schema":{"@context":"https:\/\/schema.org","@graph":[{"@type":"WebPage","@id":"https:\/\/pasamed.com\/en\/diagnostics\/","url":"https:\/\/pasamed.com\/en\/diagnostics\/","name":"Diagnostics - PASAMED","isPartOf":{"@id":"https:\/\/pasamed.com\/en\/#website"},"datePublished":"2022-11-25T11:58:15+00:00","dateModified":"2026-05-13T16:52:01+00:00","breadcrumb":{"@id":"https:\/\/pasamed.com\/en\/diagnostics\/#breadcrumb"},"inLanguage":"en-US","potentialAction":[{"@type":"ReadAction","target":["https:\/\/pasamed.com\/en\/diagnostics\/"]}]},{"@type":"BreadcrumbList","@id":"https:\/\/pasamed.com\/en\/diagnostics\/#breadcrumb","itemListElement":[{"@type":"ListItem","position":1,"name":"Kezd\u0151lap","item":"https:\/\/pasamed.com\/en\/"},{"@type":"ListItem","position":2,"name":"Diagnostics"}]},{"@type":"WebSite","@id":"https:\/\/pasamed.com\/en\/#website","url":"https:\/\/pasamed.com\/en\/","name":"PASAMED","description":"Pasar\u00e9ti Sporteg\u00e9szs\u00e9g\u00fcgyi Centrum","potentialAction":[{"@type":"SearchAction","target":{"@type":"EntryPoint","urlTemplate":"https:\/\/pasamed.com\/en\/?s={search_term_string}"},"query-input":{"@type":"PropertyValueSpecification","valueRequired":true,"valueName":"search_term_string"}}],"inLanguage":"en-US"}]}},"_links":{"self":[{"href":"https:\/\/pasamed.com\/en\/wp-json\/wp\/v2\/pages\/5231","targetHints":{"allow":["GET"]}}],"collection":[{"href":"https:\/\/pasamed.com\/en\/wp-json\/wp\/v2\/pages"}],"about":[{"href":"https:\/\/pasamed.com\/en\/wp-json\/wp\/v2\/types\/page"}],"author":[{"embeddable":true,"href":"https:\/\/pasamed.com\/en\/wp-json\/wp\/v2\/users\/2"}],"replies":[{"embeddable":true,"href":"https:\/\/pasamed.com\/en\/wp-json\/wp\/v2\/comments?post=5231"}],"version-history":[{"count":1,"href":"https:\/\/pasamed.com\/en\/wp-json\/wp\/v2\/pages\/5231\/revisions"}],"predecessor-version":[{"id":5232,"href":"https:\/\/pasamed.com\/en\/wp-json\/wp\/v2\/pages\/5231\/revisions\/5232"}],"wp:attachment":[{"href":"https:\/\/pasamed.com\/en\/wp-json\/wp\/v2\/media?parent=5231"}],"curies":[{"name":"wp","href":"https:\/\/api.w.org\/{rel}","templated":true}]}}