{"id":5193,"date":"2022-12-07T15:32:12","date_gmt":"2022-12-07T14:32:12","guid":{"rendered":"https:\/\/pasamed.com\/?page_id=5193"},"modified":"2026-05-13T18:33:11","modified_gmt":"2026-05-13T16:33:11","slug":"cancellation-policy","status":"publish","type":"page","link":"https:\/\/pasamed.com\/en\/cancellation-policy\/","title":{"rendered":"Cancellation Policy"},"content":{"rendered":"\n<p><strong>Appointment &amp; Physiotherapy: <\/strong><\/p>\n\n\n\n<p><strong>Punctuality: <\/strong>Please always arrive on time! If you think you may be running late, please call us in advance and inform our administrators and\/or your physiotherapist.<\/p>\n\n\n\n<p><strong>Cancellations:<\/strong> Unfortunately, from time to time patients fail to show up without cancelling, or notify our staff only shortly before their scheduled appointment. This not only means that our colleagues&#8217; time goes to waste, but also that waiting times cannot be reduced for your fellow patients.<\/p>\n\n\n\n<p>Of course, we understand that unexpected things can happen to anyone \u2014 something may come up or you may fall ill and be unable to attend your appointment. However, we kindly ask that, wherever possible, you notify us of your cancellation <strong>at least 24 hours<\/strong> in advance. (We do have patients on waiting lists and with acute conditions who would be grateful for the freed-up slot.)<\/p>\n\n\n\n<p>Thank you for your understanding! <\/p>\n\n\n\n<p><em>The PASAMED Team<\/em><\/p>\n","protected":false},"excerpt":{"rendered":"<p>Appointment &amp; Physiotherapy: Punctuality: Please always arrive on time! If you think you may be running late, please call us in advance and inform our administrators and\/or your physiotherapist. Cancellations: Unfortunately, from time to time patients fail to show up without cancelling, or notify our staff only shortly before their scheduled appointment. This not only<\/p>\n","protected":false},"author":2,"featured_media":0,"parent":0,"menu_order":0,"comment_status":"closed","ping_status":"closed","template":"","meta":{"footnotes":""},"class_list":["post-5193","page","type-page","status-publish","hentry"],"yoast_head":"<!-- This site is optimized with the Yoast SEO plugin v27.6 - https:\/\/yoast.com\/product\/yoast-seo-wordpress\/ -->\n<title>Cancellation Policy - PASAMED<\/title>\n<meta name=\"robots\" content=\"index, follow, max-snippet:-1, max-image-preview:large, max-video-preview:-1\" \/>\n<link rel=\"canonical\" href=\"https:\/\/pasamed.com\/en\/cancellation-policy\/\" \/>\n<meta property=\"og:locale\" content=\"en_US\" \/>\n<meta property=\"og:type\" content=\"article\" \/>\n<meta property=\"og:title\" content=\"Cancellation Policy - PASAMED\" \/>\n<meta property=\"og:description\" content=\"Appointment &amp; Physiotherapy: Punctuality: Please always arrive on time! If you think you may be running late, please call us in advance and inform our administrators and\/or your physiotherapist. Cancellations: Unfortunately, from time to time patients fail to show up without cancelling, or notify our staff only shortly before their scheduled appointment. This not only\" \/>\n<meta property=\"og:url\" content=\"https:\/\/pasamed.com\/en\/cancellation-policy\/\" \/>\n<meta property=\"og:site_name\" content=\"PASAMED\" \/>\n<meta property=\"article:modified_time\" content=\"2026-05-13T16:33:11+00:00\" \/>\n<meta name=\"twitter:card\" content=\"summary_large_image\" \/>\n<meta name=\"twitter:label1\" content=\"Est. reading time\" \/>\n\t<meta name=\"twitter:data1\" content=\"1 minute\" \/>\n<script type=\"application\/ld+json\" class=\"yoast-schema-graph\">{\"@context\":\"https:\\\/\\\/schema.org\",\"@graph\":[{\"@type\":\"WebPage\",\"@id\":\"https:\\\/\\\/pasamed.com\\\/en\\\/cancellation-policy\\\/\",\"url\":\"https:\\\/\\\/pasamed.com\\\/en\\\/cancellation-policy\\\/\",\"name\":\"Cancellation Policy - PASAMED\",\"isPartOf\":{\"@id\":\"https:\\\/\\\/pasamed.com\\\/en\\\/#website\"},\"datePublished\":\"2022-12-07T14:32:12+00:00\",\"dateModified\":\"2026-05-13T16:33:11+00:00\",\"breadcrumb\":{\"@id\":\"https:\\\/\\\/pasamed.com\\\/en\\\/cancellation-policy\\\/#breadcrumb\"},\"inLanguage\":\"en-US\",\"potentialAction\":[{\"@type\":\"ReadAction\",\"target\":[\"https:\\\/\\\/pasamed.com\\\/en\\\/cancellation-policy\\\/\"]}]},{\"@type\":\"BreadcrumbList\",\"@id\":\"https:\\\/\\\/pasamed.com\\\/en\\\/cancellation-policy\\\/#breadcrumb\",\"itemListElement\":[{\"@type\":\"ListItem\",\"position\":1,\"name\":\"Kezd\u0151lap\",\"item\":\"https:\\\/\\\/pasamed.com\\\/en\\\/\"},{\"@type\":\"ListItem\",\"position\":2,\"name\":\"Cancellation Policy\"}]},{\"@type\":\"WebSite\",\"@id\":\"https:\\\/\\\/pasamed.com\\\/en\\\/#website\",\"url\":\"https:\\\/\\\/pasamed.com\\\/en\\\/\",\"name\":\"PASAMED\",\"description\":\"Pasar\u00e9ti Sporteg\u00e9szs\u00e9g\u00fcgyi Centrum\",\"potentialAction\":[{\"@type\":\"SearchAction\",\"target\":{\"@type\":\"EntryPoint\",\"urlTemplate\":\"https:\\\/\\\/pasamed.com\\\/en\\\/?s={search_term_string}\"},\"query-input\":{\"@type\":\"PropertyValueSpecification\",\"valueRequired\":true,\"valueName\":\"search_term_string\"}}],\"inLanguage\":\"en-US\"}]}<\/script>\n<!-- \/ Yoast SEO plugin. -->","yoast_head_json":{"title":"Cancellation Policy - PASAMED","robots":{"index":"index","follow":"follow","max-snippet":"max-snippet:-1","max-image-preview":"max-image-preview:large","max-video-preview":"max-video-preview:-1"},"canonical":"https:\/\/pasamed.com\/en\/cancellation-policy\/","og_locale":"en_US","og_type":"article","og_title":"Cancellation Policy - PASAMED","og_description":"Appointment &amp; Physiotherapy: Punctuality: Please always arrive on time! If you think you may be running late, please call us in advance and inform our administrators and\/or your physiotherapist. Cancellations: Unfortunately, from time to time patients fail to show up without cancelling, or notify our staff only shortly before their scheduled appointment. This not only","og_url":"https:\/\/pasamed.com\/en\/cancellation-policy\/","og_site_name":"PASAMED","article_modified_time":"2026-05-13T16:33:11+00:00","twitter_card":"summary_large_image","twitter_misc":{"Est. reading time":"1 minute"},"schema":{"@context":"https:\/\/schema.org","@graph":[{"@type":"WebPage","@id":"https:\/\/pasamed.com\/en\/cancellation-policy\/","url":"https:\/\/pasamed.com\/en\/cancellation-policy\/","name":"Cancellation Policy - PASAMED","isPartOf":{"@id":"https:\/\/pasamed.com\/en\/#website"},"datePublished":"2022-12-07T14:32:12+00:00","dateModified":"2026-05-13T16:33:11+00:00","breadcrumb":{"@id":"https:\/\/pasamed.com\/en\/cancellation-policy\/#breadcrumb"},"inLanguage":"en-US","potentialAction":[{"@type":"ReadAction","target":["https:\/\/pasamed.com\/en\/cancellation-policy\/"]}]},{"@type":"BreadcrumbList","@id":"https:\/\/pasamed.com\/en\/cancellation-policy\/#breadcrumb","itemListElement":[{"@type":"ListItem","position":1,"name":"Kezd\u0151lap","item":"https:\/\/pasamed.com\/en\/"},{"@type":"ListItem","position":2,"name":"Cancellation Policy"}]},{"@type":"WebSite","@id":"https:\/\/pasamed.com\/en\/#website","url":"https:\/\/pasamed.com\/en\/","name":"PASAMED","description":"Pasar\u00e9ti Sporteg\u00e9szs\u00e9g\u00fcgyi Centrum","potentialAction":[{"@type":"SearchAction","target":{"@type":"EntryPoint","urlTemplate":"https:\/\/pasamed.com\/en\/?s={search_term_string}"},"query-input":{"@type":"PropertyValueSpecification","valueRequired":true,"valueName":"search_term_string"}}],"inLanguage":"en-US"}]}},"_links":{"self":[{"href":"https:\/\/pasamed.com\/en\/wp-json\/wp\/v2\/pages\/5193","targetHints":{"allow":["GET"]}}],"collection":[{"href":"https:\/\/pasamed.com\/en\/wp-json\/wp\/v2\/pages"}],"about":[{"href":"https:\/\/pasamed.com\/en\/wp-json\/wp\/v2\/types\/page"}],"author":[{"embeddable":true,"href":"https:\/\/pasamed.com\/en\/wp-json\/wp\/v2\/users\/2"}],"replies":[{"embeddable":true,"href":"https:\/\/pasamed.com\/en\/wp-json\/wp\/v2\/comments?post=5193"}],"version-history":[{"count":1,"href":"https:\/\/pasamed.com\/en\/wp-json\/wp\/v2\/pages\/5193\/revisions"}],"predecessor-version":[{"id":5194,"href":"https:\/\/pasamed.com\/en\/wp-json\/wp\/v2\/pages\/5193\/revisions\/5194"}],"wp:attachment":[{"href":"https:\/\/pasamed.com\/en\/wp-json\/wp\/v2\/media?parent=5193"}],"curies":[{"name":"wp","href":"https:\/\/api.w.org\/{rel}","templated":true}]}}