{"id":5190,"date":"2022-12-07T15:31:17","date_gmt":"2022-12-07T14:31:17","guid":{"rendered":"https:\/\/pasamed.com\/?page_id=5190"},"modified":"2026-05-13T18:30:48","modified_gmt":"2026-05-13T16:30:48","slug":"health-insurance-funds","status":"publish","type":"page","link":"https:\/\/pasamed.com\/en\/health-insurance-funds\/","title":{"rendered":"Health Insurance Funds"},"content":{"rendered":"\n<ul class=\"wp-block-list\">\n<li><a href=\"http:\/\/www.navoszep.hu\/informaciok\" target=\"_blank\" rel=\"noreferrer noopener\">Adoszt Eg\u00e9szs\u00e9gp\u00e9nzt\u00e1r<\/a><\/li>\n\n\n\n<li><a href=\"https:\/\/www.allianz.hu\/hu_HU\/penztarak\/onkentes-penztarak\/egeszsegpenztar.html\" target=\"_blank\" rel=\"noreferrer noopener\">Allianz Hung\u00e1ria Eg\u00e9szs\u00e9gp\u00e9nzt\u00e1r<\/a><\/li>\n\n\n\n<li><a href=\"https:\/\/izys.hu\/\">Izys Eg\u00e9szs\u00e9gp\u00e9nzt\u00e1r<\/a><\/li>\n\n\n\n<li><a href=\"https:\/\/premiumegeszsegpenztar.hu\/\" target=\"_blank\" rel=\"noreferrer noopener\">Pr\u00e9mium Eg\u00e9szs\u00e9gp\u00e9nzt\u00e1r<\/a><\/li>\n\n\n\n<li><a href=\"http:\/\/mpszov.hu\/budai_ep.htm\" target=\"_blank\" rel=\"noreferrer noopener\">Budai Eg\u00e9szs\u00e9gp\u00e9nzt\u00e1r<\/a><\/li>\n\n\n\n<li><a href=\"http:\/\/www.danubiusep.hu\/\" target=\"_blank\" rel=\"noreferrer noopener\">Danubius Eg\u00e9szs\u00e9gp\u00e9nzt\u00e1r<\/a><\/li>\n\n\n\n<li><a href=\"http:\/\/dimenziocsoport.hu\/egeszsegpenztar\/\" target=\"_blank\" rel=\"noreferrer noopener\">Dimenzi\u00f3 Eg\u00e9szs\u00e9gp\u00e9nzt\u00e1r<\/a><\/li>\n\n\n\n<li><a href=\"http:\/\/www.eletut.hu\/?p=onsegelyezo\" target=\"_blank\" rel=\"noreferrer noopener\">\u00c9let\u00fat Eg\u00e9szs\u00e9g- \u00e9s \u00d6nseg\u00e9lyez\u0151 p\u00e9nzt\u00e1r<\/a><\/li>\n\n\n\n<li><a href=\"http:\/\/www.generalipenztar.hu\/ep\/\" target=\"_blank\" rel=\"noreferrer noopener\">Generali Eg\u00e9szs\u00e9gp\u00e9nzt\u00e1r<\/a><\/li>\n\n\n\n<li><a href=\"http:\/\/www.honvedep.hu\/\" target=\"_blank\" rel=\"noreferrer noopener\">Honv\u00e9d Eg\u00e9szs\u00e9gbiztos\u00edt\u00f3 P\u00e9nzt\u00e1r<\/a><\/li>\n\n\n\n<li><a href=\"http:\/\/www.medicinapenztar.hu\/\" target=\"_blank\" rel=\"noreferrer noopener\">K&amp;H Medicina Eg\u00e9szs\u00e9gp\u00e9nzt\u00e1r<\/a><\/li>\n\n\n\n<li><a href=\"http:\/\/www.mkb.hu\/mkb_csoport\/mkb_egeszsegpenztar\/index.html\" target=\"_blank\" rel=\"noreferrer noopener\">MKB Eg\u00e9szs\u00e9gp\u00e9nzt\u00e1r<\/a><\/li>\n\n\n\n<li><a href=\"https:\/\/www.otppenztarak.hu\/hu\/ep_index.html\" target=\"_blank\" rel=\"noreferrer noopener\">OTP Eg\u00e9szs\u00e9gp\u00e9nzt\u00e1r<\/a><\/li>\n\n\n\n<li><a href=\"http:\/\/www.patikapenztar.hu\/\" target=\"_blank\" rel=\"noreferrer noopener\">Patika Eg\u00e9szs\u00e9gp\u00e9nzt\u00e1r<\/a><\/li>\n\n\n\n<li><a href=\"https:\/\/www.epenztar.hu\/egeszsegpenztar.php\" target=\"_blank\" rel=\"noreferrer noopener\">Vasutas Eg\u00e9szs\u00e9gp\u00e9nzt\u00e1r<\/a><\/li>\n\n\n\n<li><a href=\"http:\/\/www.vitaminep.hu\/\" target=\"_blank\" rel=\"noreferrer noopener\">Vitamin Eg\u00e9szs\u00e9gp\u00e9nzt\u00e1r<\/a><\/li>\n<\/ul>\n\n\n\n<p><em><strong>Health insurance information: We issue cash receipts; please ask at the front desk for information about card payment options \u2013 thank you for your understanding!<\/strong><\/em><\/p>\n","protected":false},"excerpt":{"rendered":"<p>Health insurance information: We issue cash receipts; please ask at the front desk for information about card payment options \u2013 thank you for your understanding!<\/p>\n","protected":false},"author":2,"featured_media":0,"parent":0,"menu_order":0,"comment_status":"closed","ping_status":"closed","template":"","meta":{"footnotes":""},"class_list":["post-5190","page","type-page","status-publish","hentry"],"yoast_head":"<!-- This site is optimized with the Yoast SEO plugin v27.6 - https:\/\/yoast.com\/product\/yoast-seo-wordpress\/ -->\n<title>Health Insurance Funds - PASAMED<\/title>\n<meta name=\"robots\" content=\"index, follow, max-snippet:-1, max-image-preview:large, max-video-preview:-1\" \/>\n<link rel=\"canonical\" href=\"https:\/\/pasamed.com\/en\/health-insurance-funds\/\" \/>\n<meta property=\"og:locale\" content=\"en_US\" \/>\n<meta property=\"og:type\" content=\"article\" \/>\n<meta property=\"og:title\" content=\"Health Insurance Funds - PASAMED\" \/>\n<meta property=\"og:description\" content=\"Health insurance information: We issue cash receipts; please ask at the front desk for information about card payment options \u2013 thank you for your understanding!\" \/>\n<meta property=\"og:url\" content=\"https:\/\/pasamed.com\/en\/health-insurance-funds\/\" \/>\n<meta property=\"og:site_name\" content=\"PASAMED\" \/>\n<meta property=\"article:modified_time\" content=\"2026-05-13T16:30:48+00:00\" \/>\n<meta name=\"twitter:card\" content=\"summary_large_image\" \/>\n<meta name=\"twitter:label1\" content=\"Est. reading time\" \/>\n\t<meta name=\"twitter:data1\" content=\"1 minute\" \/>\n<script type=\"application\/ld+json\" class=\"yoast-schema-graph\">{\"@context\":\"https:\\\/\\\/schema.org\",\"@graph\":[{\"@type\":\"WebPage\",\"@id\":\"https:\\\/\\\/pasamed.com\\\/en\\\/health-insurance-funds\\\/\",\"url\":\"https:\\\/\\\/pasamed.com\\\/en\\\/health-insurance-funds\\\/\",\"name\":\"Health Insurance Funds - PASAMED\",\"isPartOf\":{\"@id\":\"https:\\\/\\\/pasamed.com\\\/en\\\/#website\"},\"datePublished\":\"2022-12-07T14:31:17+00:00\",\"dateModified\":\"2026-05-13T16:30:48+00:00\",\"breadcrumb\":{\"@id\":\"https:\\\/\\\/pasamed.com\\\/en\\\/health-insurance-funds\\\/#breadcrumb\"},\"inLanguage\":\"en-US\",\"potentialAction\":[{\"@type\":\"ReadAction\",\"target\":[\"https:\\\/\\\/pasamed.com\\\/en\\\/health-insurance-funds\\\/\"]}]},{\"@type\":\"BreadcrumbList\",\"@id\":\"https:\\\/\\\/pasamed.com\\\/en\\\/health-insurance-funds\\\/#breadcrumb\",\"itemListElement\":[{\"@type\":\"ListItem\",\"position\":1,\"name\":\"Kezd\u0151lap\",\"item\":\"https:\\\/\\\/pasamed.com\\\/en\\\/\"},{\"@type\":\"ListItem\",\"position\":2,\"name\":\"Health Insurance Funds\"}]},{\"@type\":\"WebSite\",\"@id\":\"https:\\\/\\\/pasamed.com\\\/en\\\/#website\",\"url\":\"https:\\\/\\\/pasamed.com\\\/en\\\/\",\"name\":\"PASAMED\",\"description\":\"Pasar\u00e9ti Sporteg\u00e9szs\u00e9g\u00fcgyi Centrum\",\"potentialAction\":[{\"@type\":\"SearchAction\",\"target\":{\"@type\":\"EntryPoint\",\"urlTemplate\":\"https:\\\/\\\/pasamed.com\\\/en\\\/?s={search_term_string}\"},\"query-input\":{\"@type\":\"PropertyValueSpecification\",\"valueRequired\":true,\"valueName\":\"search_term_string\"}}],\"inLanguage\":\"en-US\"}]}<\/script>\n<!-- \/ Yoast SEO plugin. -->","yoast_head_json":{"title":"Health Insurance Funds - PASAMED","robots":{"index":"index","follow":"follow","max-snippet":"max-snippet:-1","max-image-preview":"max-image-preview:large","max-video-preview":"max-video-preview:-1"},"canonical":"https:\/\/pasamed.com\/en\/health-insurance-funds\/","og_locale":"en_US","og_type":"article","og_title":"Health Insurance Funds - PASAMED","og_description":"Health insurance information: We issue cash receipts; please ask at the front desk for information about card payment options \u2013 thank you for your understanding!","og_url":"https:\/\/pasamed.com\/en\/health-insurance-funds\/","og_site_name":"PASAMED","article_modified_time":"2026-05-13T16:30:48+00:00","twitter_card":"summary_large_image","twitter_misc":{"Est. reading time":"1 minute"},"schema":{"@context":"https:\/\/schema.org","@graph":[{"@type":"WebPage","@id":"https:\/\/pasamed.com\/en\/health-insurance-funds\/","url":"https:\/\/pasamed.com\/en\/health-insurance-funds\/","name":"Health Insurance Funds - PASAMED","isPartOf":{"@id":"https:\/\/pasamed.com\/en\/#website"},"datePublished":"2022-12-07T14:31:17+00:00","dateModified":"2026-05-13T16:30:48+00:00","breadcrumb":{"@id":"https:\/\/pasamed.com\/en\/health-insurance-funds\/#breadcrumb"},"inLanguage":"en-US","potentialAction":[{"@type":"ReadAction","target":["https:\/\/pasamed.com\/en\/health-insurance-funds\/"]}]},{"@type":"BreadcrumbList","@id":"https:\/\/pasamed.com\/en\/health-insurance-funds\/#breadcrumb","itemListElement":[{"@type":"ListItem","position":1,"name":"Kezd\u0151lap","item":"https:\/\/pasamed.com\/en\/"},{"@type":"ListItem","position":2,"name":"Health Insurance Funds"}]},{"@type":"WebSite","@id":"https:\/\/pasamed.com\/en\/#website","url":"https:\/\/pasamed.com\/en\/","name":"PASAMED","description":"Pasar\u00e9ti Sporteg\u00e9szs\u00e9g\u00fcgyi Centrum","potentialAction":[{"@type":"SearchAction","target":{"@type":"EntryPoint","urlTemplate":"https:\/\/pasamed.com\/en\/?s={search_term_string}"},"query-input":{"@type":"PropertyValueSpecification","valueRequired":true,"valueName":"search_term_string"}}],"inLanguage":"en-US"}]}},"_links":{"self":[{"href":"https:\/\/pasamed.com\/en\/wp-json\/wp\/v2\/pages\/5190","targetHints":{"allow":["GET"]}}],"collection":[{"href":"https:\/\/pasamed.com\/en\/wp-json\/wp\/v2\/pages"}],"about":[{"href":"https:\/\/pasamed.com\/en\/wp-json\/wp\/v2\/types\/page"}],"author":[{"embeddable":true,"href":"https:\/\/pasamed.com\/en\/wp-json\/wp\/v2\/users\/2"}],"replies":[{"embeddable":true,"href":"https:\/\/pasamed.com\/en\/wp-json\/wp\/v2\/comments?post=5190"}],"version-history":[{"count":1,"href":"https:\/\/pasamed.com\/en\/wp-json\/wp\/v2\/pages\/5190\/revisions"}],"predecessor-version":[{"id":5191,"href":"https:\/\/pasamed.com\/en\/wp-json\/wp\/v2\/pages\/5190\/revisions\/5191"}],"wp:attachment":[{"href":"https:\/\/pasamed.com\/en\/wp-json\/wp\/v2\/media?parent=5190"}],"curies":[{"name":"wp","href":"https:\/\/api.w.org\/{rel}","templated":true}]}}