{"id":5181,"date":"2022-12-07T14:54:43","date_gmt":"2022-12-07T13:54:43","guid":{"rendered":"https:\/\/pasamed.com\/?page_id=5181"},"modified":"2026-05-13T18:28:26","modified_gmt":"2026-05-13T16:28:26","slug":"prices","status":"publish","type":"page","link":"https:\/\/pasamed.com\/en\/prices\/","title":{"rendered":"Price List"},"content":{"rendered":"<div class=\"wpb-content-wrapper\"><p>[vc_row top_margin=&#8221;page-margin-top&#8221; el_position=&#8221;first&#8221;][vc_column]<h2 class=\"box-header animation-slide\">Prices of our services<\/h2>[\/vc_column][\/vc_row][vc_row top_margin=&#8221;page-margin-top&#8221;][vc_column width=&#8221;1\/2&#8243;]<h3 class=\"box-header animation-slide\">Specialist medical examination<\/h3><ul class=\"items-list page-margin-top clearfix\"><li class=\"clearfix\">\n\t\t\t<span>Examination by our specialists<\/span><div class=\"value\">38.000 HUF<\/div><\/li><li class=\"clearfix\">\n\t\t\t<span>Follow-up appointment with our specialists<\/span><div class=\"value\">28.000 HUF<\/div><\/li><li class=\"clearfix\">\n\t\t\t<span>Joint puncture<\/span><div class=\"value\">10.000 HUF<\/div><\/li><li class=\"clearfix\">\n\t\t\t<span>Hand surgery follow-up (Dr. Szak\u00e1cs No\u00e9mi)<\/span><div class=\"value\">38.000 HUF<\/div><\/li><li class=\"clearfix\">\n\t\t\t<span>Vascular surgery examination<\/span><div class=\"value\">38.000 HUF<\/div><\/li><li class=\"clearfix\">\n\t\t\t<span>Vascular surgery follow-up<\/span><div class=\"value\">28.000 HUF<\/div><\/li><li class=\"clearfix\">\n\t\t\t<span>Infant hip screening (ultrasound and manual)<\/span><div class=\"value\">29.000 HUF<\/div><\/li><li class=\"clearfix\">\n\t\t\t<span>Steroid injection<\/span><div class=\"value\">6.000 HUF<\/div><\/li><li class=\"clearfix\">\n\t\t\t<span>X-ray guided hip joint injection<\/span><div class=\"value\">59.000 HUF + price of injection<\/div><\/li><li class=\"clearfix\">\n\t\t\t<span>Ultrasound examination<\/span><div class=\"value\">8.000 HUF<\/div><\/li><li class=\"clearfix\">\n\t\t\t<span>Ultrasound-guided galvanic current therapy: Gymna Acure 8000<\/span><div class=\"value\">45.000 HUF<\/div><\/li><li class=\"clearfix\">\n\t\t\t<span>PRP (platelet-rich plasma) treatment<\/span><div class=\"value\">130.000 HUF<\/div><\/li><\/ul><h3 class=\"box-header animation-slide page-margin-top\">Shockwave therapy<\/h3><ul class=\"items-list page-margin-top clearfix\"><li class=\"clearfix\">\n\t\t\t<span>One body region<\/span><div class=\"value\">18.000 HUF<\/div><\/li><li class=\"clearfix\">\n\t\t\t<span>Each additional body region<\/span><div class=\"value\">8.000 HUF<\/div><\/li><\/ul><h3 class=\"box-header animation-slide page-margin-top\">Cartilage-building injections<\/h3><ul class=\"items-list page-margin-top clearfix\"><li class=\"clearfix\">\n\t\t\t<span>Cingal<\/span><div class=\"value\">69.500 HUF<\/div><\/li><li class=\"clearfix\">\n\t\t\t<span>Orthovisc Mini<\/span><div class=\"value\">21.700 HUF<\/div><\/li><li class=\"clearfix\">\n\t\t\t<span>Optivisc S 60 mg<\/span><div class=\"value\">45.000 HUF<\/div><\/li><li class=\"clearfix\">\n\t\t\t<span>Optivisc S 90 mg<\/span><div class=\"value\">73.000 HUF<\/div><\/li><li class=\"clearfix\">\n\t\t\t<span>Reviscon (Re-Cross &#8211; 88 mg)<\/span><div class=\"value\">73.000 HUF<\/div><\/li><li class=\"clearfix\">\n\t\t\t<span>Hialurom Tendon<\/span><div class=\"value\">28.000 HUF<\/div><\/li><li class=\"clearfix\">\n\t\t\t<span>Hialurom Hondro<\/span><div class=\"value\">50.000 HUF<\/div><\/li><li class=\"clearfix\">\n\t\t\t<span>Biovisc<\/span><div class=\"value\">21.000 HUF<\/div><\/li><\/ul><h3 class=\"box-header animation-slide page-margin-top\">CoRehab assessment<\/h3><ul class=\"items-list page-margin-top clearfix\"><li class=\"clearfix\">\n\t\t\t<span>Post-ACL surgery assessment (approx. 60 minutes)<\/span><div class=\"value\">35.000 HUF<\/div><\/li><li class=\"clearfix\">\n\t\t\t<span>Follow-up<\/span><div class=\"value\">30.000 HUF<\/div><\/li><\/ul><h3 class=\"box-header animation-slide page-margin-top\">Borlai Method<\/h3><ul class=\"items-list page-margin-top clearfix\"><li class=\"clearfix\">\n\t\t\t<span>Pre-rehabilitation mentor programme (12\u201316 week programme)<\/span><div class=\"value\">95.000 HUF<\/div><\/li><\/ul>[\/vc_column][vc_column width=&#8221;1\/2&#8243;]<h3 class=\"box-header animation-slide\">X-ray<\/h3><ul class=\"items-list page-margin-top clearfix\"><li class=\"clearfix\">\n\t\t\t<span>One body region, one view<\/span><div class=\"value\">7.000 HUF<\/div><\/li><li class=\"clearfix\">\n\t\t\t<span>One body region, two views<\/span><div class=\"value\">12.000 HUF<\/div><\/li><li class=\"clearfix\">\n\t\t\t<span>One body region, three views<\/span><div class=\"value\">18.000 HUF<\/div><\/li><li class=\"clearfix\">\n\t\t\t<span>One body region, four views<\/span><div class=\"value\">21.000 HUF<\/div><\/li><li class=\"clearfix\">\n\t\t\t<span>Comparative images: Patella, Knee (non-weight-bearing), Lower leg, Ankle, Foot, Heel, Wrist, Hand, Finger, Paediatric shoulder<\/span><div class=\"value\">10.000 HUF<\/div><\/li><li class=\"clearfix\">\n\t\t\t<span>Pelvis (adult, paediatric)<\/span><div class=\"value\">10.000 HUF<\/div><\/li><li class=\"clearfix\">\n\t\t\t<span>Lauenstein comparative<\/span><div class=\"value\">10.000 HUF<\/div><\/li><li class=\"clearfix\">\n\t\t\t<span>Pelvis (adult, paediatric) + 1 body region<\/span><div class=\"value\">17.000 HUF<\/div><\/li><li class=\"clearfix\">\n\t\t\t<span>Pelvis (adult, paediatric) + 2 body regions<\/span><div class=\"value\">20.000 HUF<\/div><\/li><li class=\"clearfix\">\n\t\t\t<span>Pre-operative chest X-ray (2 views) with radiological report<\/span><div class=\"value\">15.000 HUF<\/div><\/li><li class=\"clearfix\">\n\t\t\t<span>Specialist radiological report per body region<\/span><div class=\"value\">10.000 HUF<\/div><\/li><li class=\"clearfix\">\n\t\t\t<span>Stichting<\/span><div class=\"value\">30.000 HUF<\/div><\/li><\/ul><h3 class=\"box-header animation-slide page-margin-top\">Physical therapy (personalized physical therapy, in groups of up to 3 people)<\/h3><ul class=\"items-list page-margin-top clearfix\"><li class=\"clearfix\">\n\t\t\t<span>1 session<\/span><div class=\"value\">10.000 HUF<\/div><\/li><li class=\"clearfix\">\n\t\t\t<span>5 sessions<\/span><div class=\"value\">45.000 HUF<\/div><\/li><li class=\"clearfix\">\n\t\t\t<span>10 sessions<\/span><div class=\"value\">80.000 HUF<\/div><\/li><\/p>\n<p><em><strong>Please note:<\/strong> for physiotherapy, one session is 50 minutes. The 5-session pass is valid for 3 months, and the 10-session pass is valid for 6 months (from the date of purchase).<\/em><\/ul><h3 class=\"box-header animation-slide page-margin-top\">Nutrition Counseling<\/h3><ul class=\"items-list page-margin-top clearfix\"><li class=\"clearfix\">\n\t\t\t<span>Initial consultation (90 minutes)<\/span><div class=\"value\">27.000 HUF<\/div><\/li><li class=\"clearfix\">\n\t\t\t<span>Follow-up appointment (60 minutes)<\/span><div class=\"value\">16.000 HUF<\/div><\/li><li class=\"clearfix\">\n\t\t\t<span>Body composition measurement (15 minutes)<\/span><div class=\"value\">6.000 HUF<\/div><\/li><\/ul><h3 class=\"box-header animation-slide page-margin-top\">Physical therapy (iontophoresis, Bioptron, laser therapy, selective electrical stimulation, TENS, ultrasound)<\/h3><ul class=\"items-list page-margin-top clearfix\"><li class=\"clearfix\">\n\t\t\t<span>1 session<\/span><div class=\"value\">8.000 HUF<\/div><\/li><li class=\"clearfix\">\n\t\t\t<span>6 sessions<\/span><div class=\"value\">42.000 HUF<\/div><\/li><\/p>\n<div data-test-render-count=\"1\">\n<div class=\"group\">\n<div class=\"contents\">\n<div class=\"group relative relative pb-3\" data-is-streaming=\"false\">\n<div class=\"font-claude-response relative leading-&#091;1.65rem&#093; &#091;&amp;_pre&gt;div&#093;:bg-bg-000\/50 &#091;&amp;_pre&gt;div&#093;:border-0.5 &#091;&amp;_pre&gt;div&#093;:border-border-400 &#091;&amp;_.ignore-pre-bg&gt;div&#093;:bg-transparent &#091;&amp;_.standard-markdown_:is(p,blockquote,h1,h2,h3,h4,h5,h6)&#093;:pl-2 &#091;&amp;_.standard-markdown_:is(p,blockquote,ul,ol,h1,h2,h3,h4,h5,h6)&#093;:pr-8 &#091;&amp;_.progressive-markdown_:is(p,blockquote,h1,h2,h3,h4,h5,h6)&#093;:pl-2 &#091;&amp;_.progressive-markdown_:is(p,blockquote,ul,ol,h1,h2,h3,h4,h5,h6)&#093;:pr-8\">\n<div>\n<div class=\"standard-markdown grid-cols-1 grid &#091;&amp;_&gt;_*&#093;:min-w-0 gap-3 standard-markdown\">\n<p class=\"font-claude-response-body break-words whitespace-normal leading-&#091;1.7&#093;\"><em><strong>Please note:<\/strong> one session lasts 15\u201325 minutes depending on the type of treatment.<\/em><\/p>\n<\/div>\n<\/div>\n<\/div>\n<\/div>\n<\/div>\n<div class=\"flex justify-start\" role=\"group\" aria-label=\"Message actions\">\n<div class=\"text-text-300\">\n<div class=\"text-text-300 flex items-stretch justify-between\">\n<div class=\"flex items-center\">\n<div class=\"w-fit\" data-state=\"closed\">\n<div class=\"text-text-500 group-hover\/btn:text-text-100\"><\/div>\n<\/div>\n<\/div>\n<\/div>\n<\/div>\n<\/div>\n<\/div>\n<\/div>\n<div class=\"h-px w-full pointer-events-none\" aria-hidden=\"true\"><\/div>\n<p><\/ul>[\/vc_column][\/vc_row]<\/p>\n<\/div>","protected":false},"excerpt":{"rendered":"<p>[vc_row top_margin=&#8221;page-margin-top&#8221; el_position=&#8221;first&#8221;][vc_column][\/vc_column][\/vc_row][vc_row top_margin=&#8221;page-margin-top&#8221;][vc_column width=&#8221;1\/2&#8243;][\/vc_column][vc_column width=&#8221;1\/2&#8243;][\/vc_column][\/vc_row]<\/p>\n","protected":false},"author":2,"featured_media":0,"parent":0,"menu_order":0,"comment_status":"open","ping_status":"open","template":"","meta":{"footnotes":""},"class_list":["post-5181","page","type-page","status-publish","hentry"],"yoast_head":"<!-- This site is optimized with the Yoast SEO plugin v27.6 - https:\/\/yoast.com\/product\/yoast-seo-wordpress\/ -->\n<title>Price List - PASAMED<\/title>\n<meta name=\"robots\" content=\"index, follow, max-snippet:-1, max-image-preview:large, max-video-preview:-1\" \/>\n<link rel=\"canonical\" href=\"https:\/\/pasamed.com\/en\/prices\/\" \/>\n<meta property=\"og:locale\" content=\"en_US\" \/>\n<meta property=\"og:type\" content=\"article\" \/>\n<meta property=\"og:title\" content=\"Price List - PASAMED\" \/>\n<meta property=\"og:description\" content=\"[vc_row top_margin=&#8221;page-margin-top&#8221; el_position=&#8221;first&#8221;][vc_column][\/vc_column][\/vc_row][vc_row top_margin=&#8221;page-margin-top&#8221;][vc_column width=&#8221;1\/2&#8243;][\/vc_column][vc_column width=&#8221;1\/2&#8243;][\/vc_column][\/vc_row]\" \/>\n<meta property=\"og:url\" content=\"https:\/\/pasamed.com\/en\/prices\/\" \/>\n<meta property=\"og:site_name\" content=\"PASAMED\" \/>\n<meta property=\"article:modified_time\" content=\"2026-05-13T16:28:26+00:00\" \/>\n<meta name=\"twitter:card\" content=\"summary_large_image\" \/>\n<meta name=\"twitter:label1\" content=\"Est. reading time\" \/>\n\t<meta name=\"twitter:data1\" content=\"3 minutes\" \/>\n<script type=\"application\/ld+json\" class=\"yoast-schema-graph\">{\"@context\":\"https:\\\/\\\/schema.org\",\"@graph\":[{\"@type\":\"WebPage\",\"@id\":\"https:\\\/\\\/pasamed.com\\\/en\\\/prices\\\/\",\"url\":\"https:\\\/\\\/pasamed.com\\\/en\\\/prices\\\/\",\"name\":\"Price List - PASAMED\",\"isPartOf\":{\"@id\":\"https:\\\/\\\/pasamed.com\\\/en\\\/#website\"},\"datePublished\":\"2022-12-07T13:54:43+00:00\",\"dateModified\":\"2026-05-13T16:28:26+00:00\",\"breadcrumb\":{\"@id\":\"https:\\\/\\\/pasamed.com\\\/en\\\/prices\\\/#breadcrumb\"},\"inLanguage\":\"en-US\",\"potentialAction\":[{\"@type\":\"ReadAction\",\"target\":[\"https:\\\/\\\/pasamed.com\\\/en\\\/prices\\\/\"]}]},{\"@type\":\"BreadcrumbList\",\"@id\":\"https:\\\/\\\/pasamed.com\\\/en\\\/prices\\\/#breadcrumb\",\"itemListElement\":[{\"@type\":\"ListItem\",\"position\":1,\"name\":\"Kezd\u0151lap\",\"item\":\"https:\\\/\\\/pasamed.com\\\/en\\\/\"},{\"@type\":\"ListItem\",\"position\":2,\"name\":\"Price List\"}]},{\"@type\":\"WebSite\",\"@id\":\"https:\\\/\\\/pasamed.com\\\/en\\\/#website\",\"url\":\"https:\\\/\\\/pasamed.com\\\/en\\\/\",\"name\":\"PASAMED\",\"description\":\"Pasar\u00e9ti Sporteg\u00e9szs\u00e9g\u00fcgyi Centrum\",\"potentialAction\":[{\"@type\":\"SearchAction\",\"target\":{\"@type\":\"EntryPoint\",\"urlTemplate\":\"https:\\\/\\\/pasamed.com\\\/en\\\/?s={search_term_string}\"},\"query-input\":{\"@type\":\"PropertyValueSpecification\",\"valueRequired\":true,\"valueName\":\"search_term_string\"}}],\"inLanguage\":\"en-US\"}]}<\/script>\n<!-- \/ Yoast SEO plugin. -->","yoast_head_json":{"title":"Price List - PASAMED","robots":{"index":"index","follow":"follow","max-snippet":"max-snippet:-1","max-image-preview":"max-image-preview:large","max-video-preview":"max-video-preview:-1"},"canonical":"https:\/\/pasamed.com\/en\/prices\/","og_locale":"en_US","og_type":"article","og_title":"Price List - PASAMED","og_description":"[vc_row top_margin=&#8221;page-margin-top&#8221; el_position=&#8221;first&#8221;][vc_column][\/vc_column][\/vc_row][vc_row top_margin=&#8221;page-margin-top&#8221;][vc_column width=&#8221;1\/2&#8243;][\/vc_column][vc_column width=&#8221;1\/2&#8243;][\/vc_column][\/vc_row]","og_url":"https:\/\/pasamed.com\/en\/prices\/","og_site_name":"PASAMED","article_modified_time":"2026-05-13T16:28:26+00:00","twitter_card":"summary_large_image","twitter_misc":{"Est. reading time":"3 minutes"},"schema":{"@context":"https:\/\/schema.org","@graph":[{"@type":"WebPage","@id":"https:\/\/pasamed.com\/en\/prices\/","url":"https:\/\/pasamed.com\/en\/prices\/","name":"Price List - PASAMED","isPartOf":{"@id":"https:\/\/pasamed.com\/en\/#website"},"datePublished":"2022-12-07T13:54:43+00:00","dateModified":"2026-05-13T16:28:26+00:00","breadcrumb":{"@id":"https:\/\/pasamed.com\/en\/prices\/#breadcrumb"},"inLanguage":"en-US","potentialAction":[{"@type":"ReadAction","target":["https:\/\/pasamed.com\/en\/prices\/"]}]},{"@type":"BreadcrumbList","@id":"https:\/\/pasamed.com\/en\/prices\/#breadcrumb","itemListElement":[{"@type":"ListItem","position":1,"name":"Kezd\u0151lap","item":"https:\/\/pasamed.com\/en\/"},{"@type":"ListItem","position":2,"name":"Price List"}]},{"@type":"WebSite","@id":"https:\/\/pasamed.com\/en\/#website","url":"https:\/\/pasamed.com\/en\/","name":"PASAMED","description":"Pasar\u00e9ti Sporteg\u00e9szs\u00e9g\u00fcgyi Centrum","potentialAction":[{"@type":"SearchAction","target":{"@type":"EntryPoint","urlTemplate":"https:\/\/pasamed.com\/en\/?s={search_term_string}"},"query-input":{"@type":"PropertyValueSpecification","valueRequired":true,"valueName":"search_term_string"}}],"inLanguage":"en-US"}]}},"_links":{"self":[{"href":"https:\/\/pasamed.com\/en\/wp-json\/wp\/v2\/pages\/5181","targetHints":{"allow":["GET"]}}],"collection":[{"href":"https:\/\/pasamed.com\/en\/wp-json\/wp\/v2\/pages"}],"about":[{"href":"https:\/\/pasamed.com\/en\/wp-json\/wp\/v2\/types\/page"}],"author":[{"embeddable":true,"href":"https:\/\/pasamed.com\/en\/wp-json\/wp\/v2\/users\/2"}],"replies":[{"embeddable":true,"href":"https:\/\/pasamed.com\/en\/wp-json\/wp\/v2\/comments?post=5181"}],"version-history":[{"count":5,"href":"https:\/\/pasamed.com\/en\/wp-json\/wp\/v2\/pages\/5181\/revisions"}],"predecessor-version":[{"id":5186,"href":"https:\/\/pasamed.com\/en\/wp-json\/wp\/v2\/pages\/5181\/revisions\/5186"}],"wp:attachment":[{"href":"https:\/\/pasamed.com\/en\/wp-json\/wp\/v2\/media?parent=5181"}],"curies":[{"name":"wp","href":"https:\/\/api.w.org\/{rel}","templated":true}]}}