{"id":5169,"date":"2018-10-25T12:40:12","date_gmt":"2018-10-25T10:40:12","guid":{"rendered":"https:\/\/pasamed.com\/?page_id=5169"},"modified":"2026-05-13T18:29:38","modified_gmt":"2026-05-13T16:29:38","slug":"contact-us","status":"publish","type":"page","link":"https:\/\/pasamed.com\/en\/contact-us\/","title":{"rendered":"Contact us"},"content":{"rendered":"<div class=\"wpb-content-wrapper\"><p>[vc_row type=&#8221;full-width&#8221; el_position=&#8221;first&#8221;][vc_column]<div id='map' style='width:100%;height:460px;'><\/div><script type=\"text\/javascript\">if(typeof(theme_google_maps)=='undefined') \n\t{\n\t\tvar theme_google_maps=[];\n\t}\n\tvar map_map = null;\n\tvar coordinate_map;\n\ttry\n    {\n        coordinate_map=new google.maps.LatLng(47.51268681027364, 19.008164140380682);\n        var mapOptions= \n        {\n            zoom:12,\n\t\t\tscrollwheel: true,\n            center:coordinate_map,\n            mapTypeId:google.maps.MapTypeId.ROADMAP,\n\t\t\tstreetViewControl:false,\n\t\t\tmapTypeControl:false\n        };\n        var map_map = new google.maps.Map(document.getElementById('map'),mapOptions);\n\t\ttheme_google_maps.push({map: map_map, coordinate: coordinate_map});\n\t\t\n\t\tvar marker_map = new google.maps.Marker({\n\t\t\tposition: new google.maps.LatLng(47.51268681027364, 19.008164140380682),\n\t\t\tmap: map_map, icon: new google.maps.MarkerImage('https:\/\/pasamed.com\/wp-content\/themes\/medicenter\/images\/map_pointer.png', new google.maps.Size(38, 48), null, new google.maps.Point(18, 48))\n\t\t});\n    }\n    catch(e) {};\n\tjQuery(document).ready(function($){\n\t\t$(window).resize(function(){\n\t\t\tif(map_map!=null)\n\t\t\t\tmap_map.setCenter(coordinate_map);\n\t\t});\n\t});<\/script>[\/vc_column][\/vc_row][vc_row top_margin=&#8221;page-margin-top-section&#8221;][vc_column width=&#8221;1\/3&#8243;]<h2 class=\"box-header large no-border\">Pasar\u00e9ti Sports Medical Centre<\/h2>[vc_column_text el_class=&#8221;large margin-top-10&#8243;]Vasas Pasar\u00e9ti Sportcentrum, 1026 Budapest, Pasar\u00e9ti \u00fat 11-13.[\/vc_column_text][\/vc_column][vc_column width=&#8221;1\/3&#8243;]<ul class=\"clearfix mc-features mc-features-small mc-features-style-default\"><li class=\"item-content clearfix\">\r\n\t\t\t\t<span class=\"hexagon small animated-element animation-scale\"  title=\"Address\"><span class=\"features-location\"><\/span><\/span><div class=\"text\"><h2><span   title=\"Address\">Address<\/span><\/h2><p>Vasas Pasar\u00e9ti Sportcentrum,<br \/>\n1026 Budapest,<br \/>\nPasar\u00e9ti \u00fat 11-13.<\/p>\n<\/div>\r\n\t\t\t<\/li><\/ul><ul class=\"clearfix mc-features mc-features-small mc-features-style-default page-margin-top\"><li class=\"item-content clearfix\">\r\n\t\t\t\t<span class=\"hexagon small animated-element animation-scale\"  title=\"Directions, Parking\"><span class=\"features-signpost\"><\/span><\/span><div class=\"text\"><h2><span   title=\"Directions, Parking\">Directions, Parking<\/span><\/h2><p>The clinic can be reached by public transportation (from Sz\u00e9ll K\u00e1lm\u00e1n Square via bus routes 91, buses 22, 222, 155, and 156, or trams 61 and 59 to the Szent J\u00e1nos Hospital stop, or bus 5 to the Vasas Sportp\u00e1lya stop), and by car. The Sportcentrum is located in a paid parking zone. If you use the reserved parking lot in front of the Fencing Hall on the Sportcentrum grounds, payment can be made at the reception desk.<\/p>\n<\/div>\r\n\t\t\t<\/li><\/ul>[\/vc_column][vc_column width=&#8221;1\/3&#8243;]<ul class=\"clearfix mc-features mc-features-small mc-features-style-light page-margin-top hidetemp\"><li class=\"item-content clearfix\">\r\n\t\t\t\t<span class=\"hexagon small animated-element animation-scale\"  title=\"Appointment\"><span class=\"features-clock\"><\/span><\/span><div class=\"text\"><h2><span   title=\"Appointment\">Appointment<\/span><\/h2><p><a href=\"https:\/\/medicall.cc\/idopontfoglalas\/pasamed\/index\" target=\"_blank\" rel=\"noopener\">Click here to make an appointment online!<\/a><\/p>\n<\/div>\r\n\t\t\t<\/li><\/ul><ul class=\"clearfix mc-features mc-features-small mc-features-style-light page-margin-top\"><li class=\"item-content clearfix\">\r\n\t\t\t\t<span class=\"hexagon small animated-element animation-scale\"  title=\"Appointment and info\"><span class=\"features-phone\"><\/span><\/span><div class=\"text\"><h2><span   title=\"Appointment and info\">Appointment and info<\/span><\/h2><p><a href='tel:+36304081265'>+36 30\/408-1265<\/a><br \/>\n(M-F: between 11.00-17.00)<\/p>\n<\/div>\r\n\t\t\t<\/li><\/ul><ul class=\"clearfix mc-features mc-features-small mc-features-style-light page-margin-top\"><li class=\"item-content clearfix\">\r\n\t\t\t\t<span class=\"hexagon small animated-element animation-scale\"  title=\"Email\"><span class=\"features-email\"><\/span><\/span><div class=\"text\"><h2><span   title=\"Email\">Email<\/span><\/h2><p><a href='mailto:info@pasamed.com '>info@pasamed.com <\/a><\/p>\n<\/div>\r\n\t\t\t<\/li><\/ul>[\/vc_column][\/vc_row][vc_row top_margin=&#8221;page-margin-top&#8221; el_position=&#8221;last&#8221; css=&#8221;.vc_custom_1540298553080{border-top-width: 1px !important;border-top-color: #e5e5e5 !important;border-top-style: solid !important;}&#8221;][vc_column]<form class=\"contact-form \" id=\"contact_form\" method=\"post\" action=\"\"><div class=\"vc_row wpb_row vc_inner\">\n\t\t\t<fieldset class=\"vc_col-sm-6 wpb_column vc_column_container\"><label>First name<\/label>\n\t\t\t\t<div class=\"block\">\n\t\t\t\t\t<input class=\"text_input\" name=\"first_name\" type=\"text\" value=\"\" tabindex=\"1\" data-required=\"1\">\n\t\t\t\t<\/div><label>Phone (optional)<\/label>\n\t\t\t\t<div class=\"block\">\n\t\t\t\t\t<input class=\"text_input\" name=\"phone_number\" type=\"text\" value=\"\" tabindex=\"5\">\n\t\t\t\t<\/div><\/fieldset>\n\t\t\t<fieldset class=\"vc_col-sm-6 wpb_column vc_column_container\"><label>Last name<\/label>\n\t\t\t\t<div class=\"block\">\n\t\t\t\t\t<input class=\"text_input\" name=\"last_name\" type=\"text\" value=\"\" tabindex=\"2\" data-required=\"1\">\n\t\t\t\t<\/div><label>E-mail<\/label>\n\t\t\t\t<div class=\"block\">\n\t\t\t\t\t<input class=\"text_input\" name=\"email\" type=\"text\" value=\"\" tabindex=\"6\" data-required=\"1\">\n\t\t\t\t<\/div><\/fieldset>\n\t\t<\/div><div class=\"vc_row wpb_row vc_inner\">\n\t\t\t<fieldset>\n\t\t\t\t<label>Message<\/label>\n\t\t\t\t<div class=\"block\">\n\t\t\t\t\t<textarea name=\"message\" tabindex=\"7\" data-required=\"1\"><\/textarea>\n\t\t\t\t<\/div>\n\t\t\t<\/fieldset>\n\t\t<\/div><div class=\"vc_row wpb_row vc_inner submit-container margin-top-30\"><div class=\"vc_col-sm-6 wpb_column vc_column_container\">\n\t\t\t\t<p>We'll get back to you as soon as we can!<\/p>\n\t\t\t<\/div>\n\t\t\t<div class=\"vc_col-sm-6 wpb_column vc_column_container \"><input type=\"hidden\" name=\"action\" value=\"theme_contact_form\" \/>\n\t\t\t\t<input type=\"hidden\" name=\"id\" value=\"contact_form\" \/><div class=\"vc_row wpb_row vc_inner\">\n\t\t\t\t<input type=\"submit\" name=\"submit\" value=\"Send Message\" class=\"more mc-button\" \/>\n\t\t\t<\/div><\/div><\/div>\n\t<\/form>[\/vc_column][\/vc_row]<\/p>\n<\/div>","protected":false},"excerpt":{"rendered":"<p>[vc_row type=&#8221;full-width&#8221; el_position=&#8221;first&#8221;][vc_column][\/vc_column][\/vc_row][vc_row top_margin=&#8221;page-margin-top-section&#8221;][vc_column width=&#8221;1\/3&#8243;][vc_column_text el_class=&#8221;large margin-top-10&#8243;]Vasas Pasar\u00e9ti Sportcentrum, 1026 Budapest, Pasar\u00e9ti \u00fat 11-13.[\/vc_column_text][\/vc_column][vc_column width=&#8221;1\/3&#8243;][\/vc_column][vc_column width=&#8221;1\/3&#8243;][\/vc_column][\/vc_row][vc_row top_margin=&#8221;page-margin-top&#8221; el_position=&#8221;last&#8221; css=&#8221;.vc_custom_1540298553080{border-top-width: 1px !important;border-top-color: #e5e5e5 !important;border-top-style: solid !important;}&#8221;][vc_column][\/vc_column][\/vc_row]<\/p>\n","protected":false},"author":2,"featured_media":0,"parent":0,"menu_order":0,"comment_status":"closed","ping_status":"closed","template":"template-default-without-breadcrumbs.php","meta":{"footnotes":""},"class_list":["post-5169","page","type-page","status-publish","hentry"],"yoast_head":"<!-- This site is optimized with the Yoast SEO plugin v27.6 - https:\/\/yoast.com\/product\/yoast-seo-wordpress\/ -->\n<title>Contact us - PASAMED<\/title>\n<meta name=\"robots\" content=\"index, follow, max-snippet:-1, max-image-preview:large, max-video-preview:-1\" \/>\n<link rel=\"canonical\" href=\"https:\/\/pasamed.com\/en\/contact-us\/\" \/>\n<meta property=\"og:locale\" content=\"en_US\" \/>\n<meta property=\"og:type\" content=\"article\" \/>\n<meta property=\"og:title\" content=\"Contact us - PASAMED\" \/>\n<meta property=\"og:description\" content=\"[vc_row type=&#8221;full-width&#8221; el_position=&#8221;first&#8221;][vc_column][\/vc_column][\/vc_row][vc_row top_margin=&#8221;page-margin-top-section&#8221;][vc_column width=&#8221;1\/3&#8243;][vc_column_text el_class=&#8221;large margin-top-10&#8243;]Vasas Pasar\u00e9ti Sportcentrum, 1026 Budapest, Pasar\u00e9ti \u00fat 11-13.[\/vc_column_text][\/vc_column][vc_column width=&#8221;1\/3&#8243;][\/vc_column][vc_column width=&#8221;1\/3&#8243;][\/vc_column][\/vc_row][vc_row top_margin=&#8221;page-margin-top&#8221; el_position=&#8221;last&#8221; css=&#8221;.vc_custom_1540298553080{border-top-width: 1px !important;border-top-color: #e5e5e5 !important;border-top-style: solid !important;}&#8221;][vc_column][\/vc_column][\/vc_row]\" \/>\n<meta property=\"og:url\" content=\"https:\/\/pasamed.com\/en\/contact-us\/\" \/>\n<meta property=\"og:site_name\" content=\"PASAMED\" \/>\n<meta property=\"article:modified_time\" content=\"2026-05-13T16:29:38+00:00\" \/>\n<meta name=\"twitter:card\" content=\"summary_large_image\" \/>\n<meta name=\"twitter:label1\" content=\"Est. reading time\" \/>\n\t<meta name=\"twitter:data1\" content=\"1 minute\" \/>\n<script type=\"application\/ld+json\" class=\"yoast-schema-graph\">{\"@context\":\"https:\\\/\\\/schema.org\",\"@graph\":[{\"@type\":\"WebPage\",\"@id\":\"https:\\\/\\\/pasamed.com\\\/en\\\/contact-us\\\/\",\"url\":\"https:\\\/\\\/pasamed.com\\\/en\\\/contact-us\\\/\",\"name\":\"Contact us - PASAMED\",\"isPartOf\":{\"@id\":\"https:\\\/\\\/pasamed.com\\\/en\\\/#website\"},\"datePublished\":\"2018-10-25T10:40:12+00:00\",\"dateModified\":\"2026-05-13T16:29:38+00:00\",\"breadcrumb\":{\"@id\":\"https:\\\/\\\/pasamed.com\\\/en\\\/contact-us\\\/#breadcrumb\"},\"inLanguage\":\"en-US\",\"potentialAction\":[{\"@type\":\"ReadAction\",\"target\":[\"https:\\\/\\\/pasamed.com\\\/en\\\/contact-us\\\/\"]}]},{\"@type\":\"BreadcrumbList\",\"@id\":\"https:\\\/\\\/pasamed.com\\\/en\\\/contact-us\\\/#breadcrumb\",\"itemListElement\":[{\"@type\":\"ListItem\",\"position\":1,\"name\":\"Kezd\u0151lap\",\"item\":\"https:\\\/\\\/pasamed.com\\\/en\\\/\"},{\"@type\":\"ListItem\",\"position\":2,\"name\":\"Contact us\"}]},{\"@type\":\"WebSite\",\"@id\":\"https:\\\/\\\/pasamed.com\\\/en\\\/#website\",\"url\":\"https:\\\/\\\/pasamed.com\\\/en\\\/\",\"name\":\"PASAMED\",\"description\":\"Pasar\u00e9ti Sporteg\u00e9szs\u00e9g\u00fcgyi Centrum\",\"potentialAction\":[{\"@type\":\"SearchAction\",\"target\":{\"@type\":\"EntryPoint\",\"urlTemplate\":\"https:\\\/\\\/pasamed.com\\\/en\\\/?s={search_term_string}\"},\"query-input\":{\"@type\":\"PropertyValueSpecification\",\"valueRequired\":true,\"valueName\":\"search_term_string\"}}],\"inLanguage\":\"en-US\"}]}<\/script>\n<!-- \/ Yoast SEO plugin. -->","yoast_head_json":{"title":"Contact us - PASAMED","robots":{"index":"index","follow":"follow","max-snippet":"max-snippet:-1","max-image-preview":"max-image-preview:large","max-video-preview":"max-video-preview:-1"},"canonical":"https:\/\/pasamed.com\/en\/contact-us\/","og_locale":"en_US","og_type":"article","og_title":"Contact us - PASAMED","og_description":"[vc_row type=&#8221;full-width&#8221; el_position=&#8221;first&#8221;][vc_column][\/vc_column][\/vc_row][vc_row top_margin=&#8221;page-margin-top-section&#8221;][vc_column width=&#8221;1\/3&#8243;][vc_column_text el_class=&#8221;large margin-top-10&#8243;]Vasas Pasar\u00e9ti Sportcentrum, 1026 Budapest, Pasar\u00e9ti \u00fat 11-13.[\/vc_column_text][\/vc_column][vc_column width=&#8221;1\/3&#8243;][\/vc_column][vc_column width=&#8221;1\/3&#8243;][\/vc_column][\/vc_row][vc_row top_margin=&#8221;page-margin-top&#8221; el_position=&#8221;last&#8221; css=&#8221;.vc_custom_1540298553080{border-top-width: 1px !important;border-top-color: #e5e5e5 !important;border-top-style: solid !important;}&#8221;][vc_column][\/vc_column][\/vc_row]","og_url":"https:\/\/pasamed.com\/en\/contact-us\/","og_site_name":"PASAMED","article_modified_time":"2026-05-13T16:29:38+00:00","twitter_card":"summary_large_image","twitter_misc":{"Est. reading time":"1 minute"},"schema":{"@context":"https:\/\/schema.org","@graph":[{"@type":"WebPage","@id":"https:\/\/pasamed.com\/en\/contact-us\/","url":"https:\/\/pasamed.com\/en\/contact-us\/","name":"Contact us - PASAMED","isPartOf":{"@id":"https:\/\/pasamed.com\/en\/#website"},"datePublished":"2018-10-25T10:40:12+00:00","dateModified":"2026-05-13T16:29:38+00:00","breadcrumb":{"@id":"https:\/\/pasamed.com\/en\/contact-us\/#breadcrumb"},"inLanguage":"en-US","potentialAction":[{"@type":"ReadAction","target":["https:\/\/pasamed.com\/en\/contact-us\/"]}]},{"@type":"BreadcrumbList","@id":"https:\/\/pasamed.com\/en\/contact-us\/#breadcrumb","itemListElement":[{"@type":"ListItem","position":1,"name":"Kezd\u0151lap","item":"https:\/\/pasamed.com\/en\/"},{"@type":"ListItem","position":2,"name":"Contact us"}]},{"@type":"WebSite","@id":"https:\/\/pasamed.com\/en\/#website","url":"https:\/\/pasamed.com\/en\/","name":"PASAMED","description":"Pasar\u00e9ti Sporteg\u00e9szs\u00e9g\u00fcgyi Centrum","potentialAction":[{"@type":"SearchAction","target":{"@type":"EntryPoint","urlTemplate":"https:\/\/pasamed.com\/en\/?s={search_term_string}"},"query-input":{"@type":"PropertyValueSpecification","valueRequired":true,"valueName":"search_term_string"}}],"inLanguage":"en-US"}]}},"_links":{"self":[{"href":"https:\/\/pasamed.com\/en\/wp-json\/wp\/v2\/pages\/5169","targetHints":{"allow":["GET"]}}],"collection":[{"href":"https:\/\/pasamed.com\/en\/wp-json\/wp\/v2\/pages"}],"about":[{"href":"https:\/\/pasamed.com\/en\/wp-json\/wp\/v2\/types\/page"}],"author":[{"embeddable":true,"href":"https:\/\/pasamed.com\/en\/wp-json\/wp\/v2\/users\/2"}],"replies":[{"embeddable":true,"href":"https:\/\/pasamed.com\/en\/wp-json\/wp\/v2\/comments?post=5169"}],"version-history":[{"count":6,"href":"https:\/\/pasamed.com\/en\/wp-json\/wp\/v2\/pages\/5169\/revisions"}],"predecessor-version":[{"id":5189,"href":"https:\/\/pasamed.com\/en\/wp-json\/wp\/v2\/pages\/5169\/revisions\/5189"}],"wp:attachment":[{"href":"https:\/\/pasamed.com\/en\/wp-json\/wp\/v2\/media?parent=5169"}],"curies":[{"name":"wp","href":"https:\/\/api.w.org\/{rel}","templated":true}]}}