{"id":5159,"date":"2022-11-05T15:58:13","date_gmt":"2022-11-05T14:58:13","guid":{"rendered":"https:\/\/pasamed.com\/?page_id=5159"},"modified":"2026-05-13T17:45:36","modified_gmt":"2026-05-13T15:45:36","slug":"legal-notice","status":"publish","type":"page","link":"https:\/\/pasamed.com\/en\/legal-notice\/","title":{"rendered":"Legal notice"},"content":{"rendered":"\n<p><strong>Website operator:<\/strong><\/p>\n\n\n\n<p>Pasar\u00e9ti Sporteg\u00e9szs\u00e9g\u00fcgyi Centrum Kft<\/p>\n\n\n\n<p>Headquarters: 1026 Budapest, Pasar\u00e9ti str. 11-13.<\/p>\n\n\n\n<p>Company registration number: CG 01-09-867-705<\/p>\n\n\n\n<p>Tax ID number: 13681359-2-41<\/p>\n","protected":false},"excerpt":{"rendered":"<p>Website operator: Pasar\u00e9ti Sporteg\u00e9szs\u00e9g\u00fcgyi Centrum Kft Headquarters: 1026 Budapest, Pasar\u00e9ti str. 11-13. Company registration number: CG 01-09-867-705 Tax ID number: 13681359-2-41<\/p>\n","protected":false},"author":2,"featured_media":0,"parent":0,"menu_order":0,"comment_status":"closed","ping_status":"closed","template":"","meta":{"footnotes":""},"class_list":["post-5159","page","type-page","status-publish","hentry"],"yoast_head":"<!-- This site is optimized with the Yoast SEO plugin v27.6 - https:\/\/yoast.com\/product\/yoast-seo-wordpress\/ -->\n<title>Legal notice - PASAMED<\/title>\n<meta name=\"robots\" content=\"index, follow, max-snippet:-1, max-image-preview:large, max-video-preview:-1\" \/>\n<link rel=\"canonical\" href=\"https:\/\/pasamed.com\/en\/legal-notice\/\" \/>\n<meta property=\"og:locale\" content=\"en_US\" \/>\n<meta property=\"og:type\" content=\"article\" \/>\n<meta property=\"og:title\" content=\"Legal notice - PASAMED\" \/>\n<meta property=\"og:description\" content=\"Website operator: Pasar\u00e9ti Sporteg\u00e9szs\u00e9g\u00fcgyi Centrum Kft Headquarters: 1026 Budapest, Pasar\u00e9ti str. 11-13. Company registration number: CG 01-09-867-705 Tax ID number: 13681359-2-41\" \/>\n<meta property=\"og:url\" content=\"https:\/\/pasamed.com\/en\/legal-notice\/\" \/>\n<meta property=\"og:site_name\" content=\"PASAMED\" \/>\n<meta property=\"article:modified_time\" content=\"2026-05-13T15:45:36+00:00\" \/>\n<meta name=\"twitter:card\" content=\"summary_large_image\" \/>\n<script type=\"application\/ld+json\" class=\"yoast-schema-graph\">{\"@context\":\"https:\\\/\\\/schema.org\",\"@graph\":[{\"@type\":\"WebPage\",\"@id\":\"https:\\\/\\\/pasamed.com\\\/en\\\/legal-notice\\\/\",\"url\":\"https:\\\/\\\/pasamed.com\\\/en\\\/legal-notice\\\/\",\"name\":\"Legal notice - PASAMED\",\"isPartOf\":{\"@id\":\"https:\\\/\\\/pasamed.com\\\/en\\\/#website\"},\"datePublished\":\"2022-11-05T14:58:13+00:00\",\"dateModified\":\"2026-05-13T15:45:36+00:00\",\"breadcrumb\":{\"@id\":\"https:\\\/\\\/pasamed.com\\\/en\\\/legal-notice\\\/#breadcrumb\"},\"inLanguage\":\"en-US\",\"potentialAction\":[{\"@type\":\"ReadAction\",\"target\":[\"https:\\\/\\\/pasamed.com\\\/en\\\/legal-notice\\\/\"]}]},{\"@type\":\"BreadcrumbList\",\"@id\":\"https:\\\/\\\/pasamed.com\\\/en\\\/legal-notice\\\/#breadcrumb\",\"itemListElement\":[{\"@type\":\"ListItem\",\"position\":1,\"name\":\"Kezd\u0151lap\",\"item\":\"https:\\\/\\\/pasamed.com\\\/en\\\/\"},{\"@type\":\"ListItem\",\"position\":2,\"name\":\"Legal notice\"}]},{\"@type\":\"WebSite\",\"@id\":\"https:\\\/\\\/pasamed.com\\\/en\\\/#website\",\"url\":\"https:\\\/\\\/pasamed.com\\\/en\\\/\",\"name\":\"PASAMED\",\"description\":\"Pasar\u00e9ti Sporteg\u00e9szs\u00e9g\u00fcgyi Centrum\",\"potentialAction\":[{\"@type\":\"SearchAction\",\"target\":{\"@type\":\"EntryPoint\",\"urlTemplate\":\"https:\\\/\\\/pasamed.com\\\/en\\\/?s={search_term_string}\"},\"query-input\":{\"@type\":\"PropertyValueSpecification\",\"valueRequired\":true,\"valueName\":\"search_term_string\"}}],\"inLanguage\":\"en-US\"}]}<\/script>\n<!-- \/ Yoast SEO plugin. -->","yoast_head_json":{"title":"Legal notice - PASAMED","robots":{"index":"index","follow":"follow","max-snippet":"max-snippet:-1","max-image-preview":"max-image-preview:large","max-video-preview":"max-video-preview:-1"},"canonical":"https:\/\/pasamed.com\/en\/legal-notice\/","og_locale":"en_US","og_type":"article","og_title":"Legal notice - PASAMED","og_description":"Website operator: Pasar\u00e9ti Sporteg\u00e9szs\u00e9g\u00fcgyi Centrum Kft Headquarters: 1026 Budapest, Pasar\u00e9ti str. 11-13. Company registration number: CG 01-09-867-705 Tax ID number: 13681359-2-41","og_url":"https:\/\/pasamed.com\/en\/legal-notice\/","og_site_name":"PASAMED","article_modified_time":"2026-05-13T15:45:36+00:00","twitter_card":"summary_large_image","schema":{"@context":"https:\/\/schema.org","@graph":[{"@type":"WebPage","@id":"https:\/\/pasamed.com\/en\/legal-notice\/","url":"https:\/\/pasamed.com\/en\/legal-notice\/","name":"Legal notice - PASAMED","isPartOf":{"@id":"https:\/\/pasamed.com\/en\/#website"},"datePublished":"2022-11-05T14:58:13+00:00","dateModified":"2026-05-13T15:45:36+00:00","breadcrumb":{"@id":"https:\/\/pasamed.com\/en\/legal-notice\/#breadcrumb"},"inLanguage":"en-US","potentialAction":[{"@type":"ReadAction","target":["https:\/\/pasamed.com\/en\/legal-notice\/"]}]},{"@type":"BreadcrumbList","@id":"https:\/\/pasamed.com\/en\/legal-notice\/#breadcrumb","itemListElement":[{"@type":"ListItem","position":1,"name":"Kezd\u0151lap","item":"https:\/\/pasamed.com\/en\/"},{"@type":"ListItem","position":2,"name":"Legal notice"}]},{"@type":"WebSite","@id":"https:\/\/pasamed.com\/en\/#website","url":"https:\/\/pasamed.com\/en\/","name":"PASAMED","description":"Pasar\u00e9ti Sporteg\u00e9szs\u00e9g\u00fcgyi Centrum","potentialAction":[{"@type":"SearchAction","target":{"@type":"EntryPoint","urlTemplate":"https:\/\/pasamed.com\/en\/?s={search_term_string}"},"query-input":{"@type":"PropertyValueSpecification","valueRequired":true,"valueName":"search_term_string"}}],"inLanguage":"en-US"}]}},"_links":{"self":[{"href":"https:\/\/pasamed.com\/en\/wp-json\/wp\/v2\/pages\/5159","targetHints":{"allow":["GET"]}}],"collection":[{"href":"https:\/\/pasamed.com\/en\/wp-json\/wp\/v2\/pages"}],"about":[{"href":"https:\/\/pasamed.com\/en\/wp-json\/wp\/v2\/types\/page"}],"author":[{"embeddable":true,"href":"https:\/\/pasamed.com\/en\/wp-json\/wp\/v2\/users\/2"}],"replies":[{"embeddable":true,"href":"https:\/\/pasamed.com\/en\/wp-json\/wp\/v2\/comments?post=5159"}],"version-history":[{"count":1,"href":"https:\/\/pasamed.com\/en\/wp-json\/wp\/v2\/pages\/5159\/revisions"}],"predecessor-version":[{"id":5160,"href":"https:\/\/pasamed.com\/en\/wp-json\/wp\/v2\/pages\/5159\/revisions\/5160"}],"wp:attachment":[{"href":"https:\/\/pasamed.com\/en\/wp-json\/wp\/v2\/media?parent=5159"}],"curies":[{"name":"wp","href":"https:\/\/api.w.org\/{rel}","templated":true}]}}